{"id":6287,"date":"2025-11-02T13:27:57","date_gmt":"2025-11-02T12:27:57","guid":{"rendered":"https:\/\/candidata.co\/?page_id=6287"},"modified":"2026-02-12T11:25:31","modified_gmt":"2026-02-12T10:25:31","slug":"lm-reglas-fit","status":"publish","type":"page","link":"https:\/\/candidata.co\/es\/lm-reglas-fit\/","title":{"rendered":"LM Reglas Fit"},"content":{"rendered":"<div data-elementor-type=\"wp-page\" data-elementor-id=\"6287\" class=\"elementor elementor-6287\" data-elementor-post-type=\"page\">\n\t\t\t\t<div class=\"elementor-element elementor-element-20be30f9 e-flex e-con-boxed e-con e-parent\" data-id=\"20be30f9\" data-element_type=\"container\" data-settings=\"{&quot;background_background&quot;:&quot;classic&quot;}\">\n\t\t\t\t\t<div class=\"e-con-inner\">\n\t\t<div class=\"elementor-element elementor-element-7938ea70 e-con-full e-flex e-con e-child\" data-id=\"7938ea70\" data-element_type=\"container\">\n\t\t\t\t<div class=\"elementor-element elementor-element-508829d elementor-widget elementor-widget-image\" data-id=\"508829d\" data-element_type=\"widget\" data-widget_type=\"image.default\">\n\t\t\t\t<div class=\"elementor-widget-container\">\n\t\t\t\t\t\t\t\t\t\t\t\t\t\t\t\t<a href=\"https:\/\/candidata.co\/es\">\n\t\t\t\t\t\t\t<img fetchpriority=\"high\" decoding=\"async\" width=\"788\" height=\"199\" src=\"https:\/\/candidata.co\/wp-content\/uploads\/2023\/09\/Candidata_Logo_Text_Square.png\" class=\"attachment-full size-full wp-image-4528\" alt=\"\" srcset=\"https:\/\/candidata.co\/wp-content\/uploads\/2023\/09\/Candidata_Logo_Text_Square.png 788w, https:\/\/candidata.co\/wp-content\/uploads\/2023\/09\/Candidata_Logo_Text_Square-300x76.png 300w, https:\/\/candidata.co\/wp-content\/uploads\/2023\/09\/Candidata_Logo_Text_Square-768x194.png 768w, https:\/\/candidata.co\/wp-content\/uploads\/2023\/09\/Candidata_Logo_Text_Square-18x5.png 18w\" sizes=\"(max-width: 788px) 100vw, 788px\" \/>\t\t\t\t\t\t\t\t<\/a>\n\t\t\t\t\t\t\t\t\t\t\t\t\t\t\t<\/div>\n\t\t\t\t<\/div>\n\t\t\t\t<\/div>\n\t\t<div class=\"elementor-element elementor-element-26a4c2e7 e-con-full e-flex e-con e-child\" data-id=\"26a4c2e7\" data-element_type=\"container\">\n\t\t\t\t<div class=\"elementor-element elementor-element-5caab074 elementor-position-inline-end elementor-view-default elementor-mobile-position-block-start elementor-widget elementor-widget-icon-box\" data-id=\"5caab074\" data-element_type=\"widget\" data-widget_type=\"icon-box.default\">\n\t\t\t\t<div class=\"elementor-widget-container\">\n\t\t\t\t\t\t\t<div class=\"elementor-icon-box-wrapper\">\n\n\t\t\t\t\t\t<div class=\"elementor-icon-box-icon\">\n\t\t\t\t<a href=\"mailto:info@candidata.co\" class=\"elementor-icon\" tabindex=\"-1\" aria-label=\"info@candidata.co\">\n\t\t\t\t<i aria-hidden=\"true\" class=\"icon icon-envelope\"><\/i>\t\t\t\t<\/a>\n\t\t\t<\/div>\n\t\t\t\n\t\t\t\t\t\t<div class=\"elementor-icon-box-content\">\n\n\t\t\t\t\t\t\t\t\t<span class=\"elementor-icon-box-title\">\n\t\t\t\t\t\t<a href=\"mailto:info@candidata.co\" >\n\t\t\t\t\t\t\tinfo@candidata.co\t\t\t\t\t\t<\/a>\n\t\t\t\t\t<\/span>\n\t\t\t\t\n\t\t\t\t\n\t\t\t<\/div>\n\t\t\t\n\t\t<\/div>\n\t\t\t\t\t\t<\/div>\n\t\t\t\t<\/div>\n\t\t\t\t<div class=\"elementor-element elementor-element-19e2fe7d elementor-nav-menu--dropdown-none elementor-nav-menu__align-end elementor-widget elementor-widget-nav-menu\" data-id=\"19e2fe7d\" data-element_type=\"widget\" data-settings=\"{&quot;layout&quot;:&quot;horizontal&quot;,&quot;submenu_icon&quot;:{&quot;value&quot;:&quot;&lt;i class=\\&quot;fas fa-caret-down\\&quot; aria-hidden=\\&quot;true\\&quot;&gt;&lt;\\\/i&gt;&quot;,&quot;library&quot;:&quot;fa-solid&quot;}}\" data-widget_type=\"nav-menu.default\">\n\t\t\t\t<div class=\"elementor-widget-container\">\n\t\t\t\t\t\t\t\t<nav aria-label=\"Men\u00fa\" class=\"elementor-nav-menu--main elementor-nav-menu__container elementor-nav-menu--layout-horizontal e--pointer-underline e--animation-none\">\n\t\t\t\t<ul id=\"menu-1-19e2fe7d\" class=\"elementor-nav-menu\"><li class=\"trp-language-switcher-container trp-menu-ls-item trp-menu-ls-desktop menu-item menu-item-type-post_type menu-item-object-language_switcher current-language-menu-item menu-item-3315\"><a href=\"https:\/\/candidata.co\/es\/wp-json\/wp\/v2\/pages\/6287\" class=\"elementor-item elementor-item-anchor\"><span class=\"trp-menu-ls-label\" data-no-translation title=\"EN\"><img loading=\"lazy\" src=\"https:\/\/candidata.co\/wp-content\/plugins\/translatepress-multilingual\/assets\/flags\/4x3\/en_GB.svg\" class=\"trp-flag-image\" alt=\"\" role=\"presentation\" decoding=\"async\" width=\"18\" height=\"14\" \/> <span class=\"trp-ls-language-name\">EN<\/span><\/span><\/a><\/li>\n<\/ul>\t\t\t<\/nav>\n\t\t\t\t\t\t<nav class=\"elementor-nav-menu--dropdown elementor-nav-menu__container\" aria-hidden=\"true\">\n\t\t\t\t<ul id=\"menu-2-19e2fe7d\" class=\"elementor-nav-menu\"><li class=\"trp-language-switcher-container trp-menu-ls-item trp-menu-ls-desktop menu-item menu-item-type-post_type menu-item-object-language_switcher current-language-menu-item menu-item-3315\"><a href=\"https:\/\/candidata.co\/es\/wp-json\/wp\/v2\/pages\/6287\" class=\"elementor-item elementor-item-anchor\" tabindex=\"-1\"><span class=\"trp-menu-ls-label\" data-no-translation title=\"EN\"><img loading=\"lazy\" src=\"https:\/\/candidata.co\/wp-content\/plugins\/translatepress-multilingual\/assets\/flags\/4x3\/en_GB.svg\" class=\"trp-flag-image\" alt=\"\" role=\"presentation\" decoding=\"async\" width=\"18\" height=\"14\" \/> <span class=\"trp-ls-language-name\">EN<\/span><\/span><\/a><\/li>\n<\/ul>\t\t\t<\/nav>\n\t\t\t\t\t\t<\/div>\n\t\t\t\t<\/div>\n\t\t\t\t<\/div>\n\t\t\t\t\t<\/div>\n\t\t\t\t<\/div>\n\t\t<div class=\"elementor-element elementor-element-2f50d647 e-flex e-con-boxed e-con e-parent\" data-id=\"2f50d647\" data-element_type=\"container\" id=\"recurso\" data-settings=\"{&quot;background_background&quot;:&quot;classic&quot;}\">\n\t\t\t\t\t<div class=\"e-con-inner\">\n\t\t<div class=\"elementor-element elementor-element-7d98473d e-con-full e-flex e-con e-child\" data-id=\"7d98473d\" data-element_type=\"container\">\n\t\t\t\t<div class=\"elementor-element elementor-element-7e602ea1 elementor-widget elementor-widget-heading\" data-id=\"7e602ea1\" data-element_type=\"widget\" data-widget_type=\"heading.default\">\n\t\t\t\t<div class=\"elementor-widget-container\">\n\t\t\t\t\t<h2 class=\"elementor-heading-title elementor-size-default\">Accede ahora a tu recurso gratuito:<\/h2>\t\t\t\t<\/div>\n\t\t\t\t<\/div>\n\t\t\t\t<div class=\"elementor-element elementor-element-22468efd fluentform-widget-submit-button-custom elementor-widget elementor-widget-fluent-form-widget\" data-id=\"22468efd\" data-element_type=\"widget\" data-widget_type=\"fluent-form-widget.default\">\n\t\t\t\t<div class=\"elementor-widget-container\">\n\t\t\t\t\t\n            <div class=\"fluentform-widget-wrapper hide-fluent-form-labels\">\n\n            \n            <div class='fluentform ff-default fluentform_wrapper_23 ffs_default_wrap'><form data-form_id=\"23\" id=\"fluentform_23\" class=\"frm-fluent-form fluent_form_23 ff-el-form-top ff_form_instance_23_1 ff-form-loading ff_has_v3_recptcha ffs_default\" data-form_instance=\"ff_form_instance_23_1\" method=\"POST\" data-recptcha_key=\"6LcDiW8rAAAAALLDA9kvRK5h5TARCItyb8YTSc6O\" action=\"\" ><fieldset  style=\"border: none!important;margin: 0!important;padding: 0!important;background-color: transparent!important;box-shadow: none!important;outline: none!important; min-inline-size: 100%;\">\n                    <legend class=\"ff_screen_reader_title\" style=\"display: block; margin: 0!important;padding: 0!important;height: 0!important;text-indent: -999999px;width: 0!important;overflow:hidden;\">LM-Reglas-Fit<\/legend><input type='hidden' name='__fluent_form_embded_post_id' value='6287' \/><input type=\"hidden\" id=\"_fluentform_23_fluentformnonce\" name=\"_fluentform_23_fluentformnonce\" value=\"839d35d51e\" \/><input type=\"hidden\" name=\"_wp_http_referer\" value=\"\/es\/wp-json\/wp\/v2\/pages\/6287\" \/><div data-type=\"name-element\" data-name=\"names\" class=\"ff-field_container ff-name-field-wrapper\" ><div class='ff-t-container'><div class='ff-t-cell'><div class='ff-el-group ff-el-form-top'><div class=\"ff-el-input--label ff-el-is-required asterisk-right\"><label for='ff_23_names_first_name_' id='label_ff_23_names_first_name_' >Nombre<\/label><\/div><div class='ff-el-input--content'><input type=\"text\" name=\"names[first_name]\" id=\"ff_23_names_first_name_\" class=\"ff-el-form-control\" placeholder=\"Introduce tu nombre\" aria-invalid=\"false\" aria-required=\"true\"><\/div><\/div><\/div><\/div><\/div><div class='ff-el-group'><div class=\"ff-el-input--label ff-el-is-required asterisk-right\"><label for='ff_23_email' id='label_ff_23_email' aria-label=\"Correo electr\u00f3nico\">Correo electr\u00f3nico<\/label><\/div><div class='ff-el-input--content'><input type=\"email\" name=\"email\" id=\"ff_23_email\" class=\"ff-el-form-control\" placeholder=\"Correo Electr\u00f3nico\" data-name=\"email\"  aria-invalid=\"false\" aria-required=\"true\"><\/div><\/div><div class='ff-el-group    ff-el-input--content'><div class='ff-el-form-check ff-el-tc'><label aria-label='T\u00e9rminos y condiciones: Al suscribirme, acepto recibir por email la informaci\u00f3n sobre este recurso, as\u00ed como la newsletter y otras comunicaciones de Candidata. He le\u00eddo y acepto los Terms and Conditions and Privacy Policy. Contiene 2 enlaces. Usa la navegaci\u00f3n por pesta\u00f1as para rese\u00f1ar.' class='ff-el-form-check-label ff_tc_label' for=\"terms-n-condition_c4bf37613f7da05588a0178040bfdd70\"><span class='ff_tc_checkbox'><input type=\"checkbox\" name=\"terms-n-condition\" class=\"ff-el-form-check-input\" data-name=\"terms-n-condition\" id=\"terms-n-condition_c4bf37613f7da05588a0178040bfdd70\"  value='on' aria-invalid='false' aria-required=\"true\"><\/span> <div class='ff_t_c'><p>Al suscribirme, acepto recibir por email la informaci\u00f3n sobre este recurso, as\u00ed como la newsletter y otras comunicaciones de Candidata. He le\u00eddo y acepto los <a href=\"#\" target=\"_blank\" rel=\"noopener\">Terms and Conditions<\/a> y las <a href=\"https:\/\/candidata.co\/es\/privacy-policy\/\" target=\"_blank\" rel=\"noopener\">Pol\u00edtica de Privacidad<\/a>.<\/p><\/div><\/label><\/div><\/div><div class='ff-el-group ff-text-left ff_submit_btn_wrapper'><button type=\"submit\" class=\"ff-btn ff-btn-submit ff-btn-md ff_btn_style\"  aria-label=\"Conseguir Mi Recurso\">Conseguir Mi Recurso<\/button><\/div><\/fieldset><input type=\"hidden\" name=\"trp-form-language\" value=\"es\"\/><\/form><div id='fluentform_23_errors' class='ff-errors-in-stack ff_form_instance_23_1 ff-form-loading_errors ff_form_instance_23_1_errors'><\/div><\/div>            <script type=\"text\/javascript\">\n                window.fluent_form_ff_form_instance_23_1 = {\"id\":\"23\",\"settings\":{\"layout\":{\"labelPlacement\":\"top\",\"asteriskPlacement\":\"asterisk-right\",\"helpMessagePlacement\":\"with_label\",\"errorMessagePlacement\":\"inline\",\"cssClassName\":\"\"},\"restrictions\":{\"denyEmptySubmission\":{\"enabled\":false}}},\"form_instance\":\"ff_form_instance_23_1\",\"form_id_selector\":\"fluentform_23\",\"rules\":{\"names[first_name]\":{\"required\":{\"value\":true,\"message\":\"This field is required\",\"global_message\":\"This field is required\",\"global\":true}},\"names[middle_name]\":{\"required\":{\"value\":false,\"message\":\"This field is required\",\"global_message\":\"This field is required\",\"global\":true}},\"names[last_name]\":{\"required\":{\"value\":false,\"message\":\"This field is required\",\"global_message\":\"This field is required\",\"global\":true}},\"email\":{\"required\":{\"value\":true,\"message\":\"This field is required\",\"global_message\":\"This field is required\",\"global\":true},\"email\":{\"value\":true,\"message\":\"This field must contain a valid email\",\"global_message\":\"This field must contain a valid email\",\"global\":true}},\"terms-n-condition\":{\"required\":{\"value\":true,\"message\":\"This field is required\",\"global_message\":\"This field is required\",\"global\":true}},\"g-recaptcha-response\":[]},\"debounce_time\":300};\n                            <\/script>\n                        <\/div>\n\n            \t\t\t\t<\/div>\n\t\t\t\t<\/div>\n\t\t\t\t<\/div>\n\t\t<div class=\"elementor-element elementor-element-3fb59a5f e-con-full e-flex e-con e-child\" data-id=\"3fb59a5f\" data-element_type=\"container\">\n\t\t\t\t<div class=\"elementor-element elementor-element-6383cbb6 elementor-widget elementor-widget-image\" data-id=\"6383cbb6\" data-element_type=\"widget\" data-widget_type=\"image.default\">\n\t\t\t\t<div class=\"elementor-widget-container\">\n\t\t\t\t\t\t\t\t\t\t\t\t\t\t\t<img decoding=\"async\" width=\"1920\" height=\"1280\" src=\"https:\/\/candidata.co\/wp-content\/uploads\/2023\/09\/pexels-peter-olexa-4012966.jpg\" class=\"attachment-full size-full wp-image-101\" alt=\"\" srcset=\"https:\/\/candidata.co\/wp-content\/uploads\/2023\/09\/pexels-peter-olexa-4012966.jpg 1920w, https:\/\/candidata.co\/wp-content\/uploads\/2023\/09\/pexels-peter-olexa-4012966-300x200.jpg 300w, https:\/\/candidata.co\/wp-content\/uploads\/2023\/09\/pexels-peter-olexa-4012966-1024x683.jpg 1024w, https:\/\/candidata.co\/wp-content\/uploads\/2023\/09\/pexels-peter-olexa-4012966-768x512.jpg 768w, https:\/\/candidata.co\/wp-content\/uploads\/2023\/09\/pexels-peter-olexa-4012966-1536x1024.jpg 1536w\" sizes=\"(max-width: 1920px) 100vw, 1920px\" \/>\t\t\t\t\t\t\t\t\t\t\t\t\t\t\t<\/div>\n\t\t\t\t<\/div>\n\t\t\t\t<\/div>\n\t\t\t\t\t<\/div>\n\t\t\t\t<\/div>\n\t\t<div class=\"elementor-element elementor-element-453d6a4a e-flex e-con-boxed e-con e-parent\" data-id=\"453d6a4a\" data-element_type=\"container\" data-settings=\"{&quot;background_background&quot;:&quot;classic&quot;}\">\n\t\t\t\t\t<div class=\"e-con-inner\">\n\t\t<div class=\"elementor-element elementor-element-4fe96d76 e-con-full e-flex e-con e-child\" data-id=\"4fe96d76\" data-element_type=\"container\">\n\t\t\t\t<div class=\"elementor-element elementor-element-66eccd85 elementor-widget elementor-widget-heading\" data-id=\"66eccd85\" data-element_type=\"widget\" data-widget_type=\"heading.default\">\n\t\t\t\t<div class=\"elementor-widget-container\">\n\t\t\t\t\t<span class=\"elementor-heading-title elementor-size-default\">Qui\u00e9n soy<\/span>\t\t\t\t<\/div>\n\t\t\t\t<\/div>\n\t\t\t\t<div class=\"elementor-element elementor-element-54f0bbf8 elementor-widget elementor-widget-text-editor\" data-id=\"54f0bbf8\" data-element_type=\"widget\" data-widget_type=\"text-editor.default\">\n\t\t\t\t<div class=\"elementor-widget-container\">\n\t\t\t\t\t\t\t\t\t<p>Soy Almu Hern\u00e1ndez, especialista en an\u00e1lisis de datos con m\u00e1s de 15 a\u00f1os de experiencia y formadora de mentes inquietas que quieren reinventarse como analistas para encontrar un trabajo que les permita llevar la vida que desean.<\/p><p>A lo largo de mi carrera he visto un patr\u00f3n repetirse: personas con talento que se quedaban atrapadas entre el aprendizaje y el empleo.<\/p><p>Sab\u00edan mucho, pero no sab\u00edan c\u00f3mo mostrarlo.<\/p><p>Por eso cre\u00e9 Candidata, un espacio donde combino pr\u00e1ctica, orientaci\u00f3n y estrategia para que aprendas a aplicar lo que sabes, ganar confianza y ser contratada por empresas que reconozcan tu valor.<\/p><p>Conmigo no vas a encontrar promesas vac\u00edas ni f\u00f3rmulas m\u00e1gicas para conseguir trabajo en una semana.<\/p><p>Aqu\u00ed hablamos de algo m\u00e1s real y transformador: <strong>convertirte en un\/una profesional capaz de comunicar tu valor con claridad, estrategia y autenticidad.<\/strong><\/p><p>\u00bfDemasiado Idealista?<\/p><p>No con Candidata.<\/p>\t\t\t\t\t\t\t\t<\/div>\n\t\t\t\t<\/div>\n\t\t\t\t<\/div>\n\t\t<div class=\"elementor-element elementor-element-7ff64148 e-con-full e-flex e-con e-child\" data-id=\"7ff64148\" data-element_type=\"container\">\n\t\t\t\t<div class=\"elementor-element elementor-element-2c713893 elementor-widget elementor-widget-image\" data-id=\"2c713893\" data-element_type=\"widget\" data-widget_type=\"image.default\">\n\t\t\t\t<div class=\"elementor-widget-container\">\n\t\t\t\t\t\t\t\t\t\t\t\t\t\t\t<img decoding=\"async\" width=\"800\" height=\"534\" src=\"https:\/\/candidata.co\/wp-content\/uploads\/2025\/06\/Candidata_Almudena_JacksonMiles_23062025_05-1024x683.jpeg\" class=\"attachment-large size-large wp-image-4972\" alt=\"\" srcset=\"https:\/\/candidata.co\/wp-content\/uploads\/2025\/06\/Candidata_Almudena_JacksonMiles_23062025_05-1024x683.jpeg 1024w, https:\/\/candidata.co\/wp-content\/uploads\/2025\/06\/Candidata_Almudena_JacksonMiles_23062025_05-300x200.jpeg 300w, https:\/\/candidata.co\/wp-content\/uploads\/2025\/06\/Candidata_Almudena_JacksonMiles_23062025_05-768x512.jpeg 768w, https:\/\/candidata.co\/wp-content\/uploads\/2025\/06\/Candidata_Almudena_JacksonMiles_23062025_05-1536x1024.jpeg 1536w, https:\/\/candidata.co\/wp-content\/uploads\/2025\/06\/Candidata_Almudena_JacksonMiles_23062025_05-2048x1365.jpeg 2048w, https:\/\/candidata.co\/wp-content\/uploads\/2025\/06\/Candidata_Almudena_JacksonMiles_23062025_05-18x12.jpeg 18w\" sizes=\"(max-width: 800px) 100vw, 800px\" \/>\t\t\t\t\t\t\t\t\t\t\t\t\t\t\t<\/div>\n\t\t\t\t<\/div>\n\t\t\t\t<\/div>\n\t\t\t\t\t<\/div>\n\t\t\t\t<\/div>\n\t\t\t\t<\/div>","protected":false},"excerpt":{"rendered":"<p>info@candidata.co Accede ahora a tu recurso gratuito: LM-Reglas-Fit First NameEmail Al suscribirme, acepto recibir por email la informaci\u00f3n sobre este recurso, as\u00ed como la newsletter y otras comunicaciones de Candidata. He le\u00eddo y acepto los Terms and Conditions and Privacy Policy. Conseguir Mi Recurso Qui\u00e9n soy Soy Almu Hern\u00e1ndez, especialista en an\u00e1lisis de datos con [&hellip;]<\/p>","protected":false},"author":2,"featured_media":0,"parent":0,"menu_order":0,"comment_status":"closed","ping_status":"closed","template":"elementor_canvas","meta":{"_monsterinsights_skip_tracking":false,"_monsterinsights_sitenote_active":false,"_monsterinsights_sitenote_note":"","_monsterinsights_sitenote_category":0,"footnotes":""},"class_list":["post-6287","page","type-page","status-publish","hentry"],"_links":{"self":[{"href":"https:\/\/candidata.co\/es\/wp-json\/wp\/v2\/pages\/6287","targetHints":{"allow":["GET"]}}],"collection":[{"href":"https:\/\/candidata.co\/es\/wp-json\/wp\/v2\/pages"}],"about":[{"href":"https:\/\/candidata.co\/es\/wp-json\/wp\/v2\/types\/page"}],"author":[{"embeddable":true,"href":"https:\/\/candidata.co\/es\/wp-json\/wp\/v2\/users\/2"}],"replies":[{"embeddable":true,"href":"https:\/\/candidata.co\/es\/wp-json\/wp\/v2\/comments?post=6287"}],"version-history":[{"count":7,"href":"https:\/\/candidata.co\/es\/wp-json\/wp\/v2\/pages\/6287\/revisions"}],"predecessor-version":[{"id":6294,"href":"https:\/\/candidata.co\/es\/wp-json\/wp\/v2\/pages\/6287\/revisions\/6294"}],"wp:attachment":[{"href":"https:\/\/candidata.co\/es\/wp-json\/wp\/v2\/media?parent=6287"}],"curies":[{"name":"wp","href":"https:\/\/api.w.org\/{rel}","templated":true}]}}