{"id":6142,"date":"2025-11-02T13:27:57","date_gmt":"2025-11-02T12:27:57","guid":{"rendered":"https:\/\/candidata.co\/?page_id=6142"},"modified":"2026-03-10T10:24:29","modified_gmt":"2026-03-10T09:24:29","slug":"business-waiting-list","status":"publish","type":"page","link":"https:\/\/candidata.co\/es\/business-waiting-list\/","title":{"rendered":"Business Waiting List"},"content":{"rendered":"<div data-elementor-type=\"wp-page\" data-elementor-id=\"6142\" class=\"elementor elementor-6142\" data-elementor-post-type=\"page\">\n\t\t\t\t<div class=\"elementor-element elementor-element-20be30f9 e-flex e-con-boxed e-con e-parent\" data-id=\"20be30f9\" data-element_type=\"container\" data-settings=\"{&quot;background_background&quot;:&quot;classic&quot;}\">\n\t\t\t\t\t<div class=\"e-con-inner\">\n\t\t<div class=\"elementor-element elementor-element-7938ea70 e-con-full e-flex e-con e-child\" data-id=\"7938ea70\" data-element_type=\"container\">\n\t\t\t\t<div class=\"elementor-element elementor-element-508829d elementor-widget elementor-widget-image\" data-id=\"508829d\" data-element_type=\"widget\" data-widget_type=\"image.default\">\n\t\t\t\t<div class=\"elementor-widget-container\">\n\t\t\t\t\t\t\t\t\t\t\t\t\t\t\t\t<a href=\"https:\/\/candidata.co\/es\">\n\t\t\t\t\t\t\t<img fetchpriority=\"high\" decoding=\"async\" width=\"788\" height=\"199\" src=\"https:\/\/candidata.co\/wp-content\/uploads\/2023\/09\/Candidata_Logo_Text_Square.png\" class=\"attachment-full size-full wp-image-4528\" alt=\"\" srcset=\"https:\/\/candidata.co\/wp-content\/uploads\/2023\/09\/Candidata_Logo_Text_Square.png 788w, https:\/\/candidata.co\/wp-content\/uploads\/2023\/09\/Candidata_Logo_Text_Square-300x76.png 300w, https:\/\/candidata.co\/wp-content\/uploads\/2023\/09\/Candidata_Logo_Text_Square-768x194.png 768w, https:\/\/candidata.co\/wp-content\/uploads\/2023\/09\/Candidata_Logo_Text_Square-18x5.png 18w\" sizes=\"(max-width: 788px) 100vw, 788px\" \/>\t\t\t\t\t\t\t\t<\/a>\n\t\t\t\t\t\t\t\t\t\t\t\t\t\t\t<\/div>\n\t\t\t\t<\/div>\n\t\t\t\t<\/div>\n\t\t<div class=\"elementor-element elementor-element-26a4c2e7 e-con-full e-flex e-con e-child\" data-id=\"26a4c2e7\" data-element_type=\"container\">\n\t\t\t\t<div class=\"elementor-element elementor-element-5caab074 elementor-position-inline-end elementor-view-default elementor-mobile-position-block-start elementor-widget elementor-widget-icon-box\" data-id=\"5caab074\" data-element_type=\"widget\" data-widget_type=\"icon-box.default\">\n\t\t\t\t<div class=\"elementor-widget-container\">\n\t\t\t\t\t\t\t<div class=\"elementor-icon-box-wrapper\">\n\n\t\t\t\t\t\t<div class=\"elementor-icon-box-icon\">\n\t\t\t\t<a href=\"mailto:info@candidata.co\" class=\"elementor-icon\" tabindex=\"-1\" aria-label=\"info@candidata.co\">\n\t\t\t\t<i aria-hidden=\"true\" class=\"icon icon-envelope\"><\/i>\t\t\t\t<\/a>\n\t\t\t<\/div>\n\t\t\t\n\t\t\t\t\t\t<div class=\"elementor-icon-box-content\">\n\n\t\t\t\t\t\t\t\t\t<span class=\"elementor-icon-box-title\">\n\t\t\t\t\t\t<a href=\"mailto:info@candidata.co\" >\n\t\t\t\t\t\t\tinfo@candidata.co\t\t\t\t\t\t<\/a>\n\t\t\t\t\t<\/span>\n\t\t\t\t\n\t\t\t\t\n\t\t\t<\/div>\n\t\t\t\n\t\t<\/div>\n\t\t\t\t\t\t<\/div>\n\t\t\t\t<\/div>\n\t\t\t\t<\/div>\n\t\t\t\t\t<\/div>\n\t\t\t\t<\/div>\n\t\t<div class=\"elementor-element elementor-element-44636c56 e-grid e-con-boxed e-con e-parent\" data-id=\"44636c56\" data-element_type=\"container\" data-settings=\"{&quot;background_background&quot;:&quot;classic&quot;}\">\n\t\t\t\t\t<div class=\"e-con-inner\">\n\t\t<div class=\"elementor-element elementor-element-621e36a6 e-con-full e-flex e-con e-child\" data-id=\"621e36a6\" data-element_type=\"container\">\n\t\t\t\t<div class=\"elementor-element elementor-element-204757c1 elementor-widget elementor-widget-heading\" data-id=\"204757c1\" data-element_type=\"widget\" data-widget_type=\"heading.default\">\n\t\t\t\t<div class=\"elementor-widget-container\">\n\t\t\t\t\t<span class=\"elementor-heading-title elementor-size-default\">ACCESO A LA LISTA PRIORITARIA del programa data business<\/span>\t\t\t\t<\/div>\n\t\t\t\t<\/div>\n\t\t\t\t<div class=\"elementor-element elementor-element-25708bcf elementor-widget__width-initial elementor-widget elementor-widget-heading\" data-id=\"25708bcf\" data-element_type=\"widget\" data-widget_type=\"heading.default\">\n\t\t\t\t<div class=\"elementor-widget-container\">\n\t\t\t\t\t<h1 class=\"elementor-heading-title elementor-size-default\">De saber usar herramientas a pensar como un analista profesional.<\/h1>\t\t\t\t<\/div>\n\t\t\t\t<\/div>\n\t\t\t\t<div class=\"elementor-element elementor-element-1d4fcba2 elementor-widget__width-initial elementor-widget elementor-widget-text-editor\" data-id=\"1d4fcba2\" data-element_type=\"widget\" data-widget_type=\"text-editor.default\">\n\t\t\t\t<div class=\"elementor-widget-container\">\n\t\t\t\t\t\t\t\t\t<p style=\"text-align: left;\" data-start=\"558\" data-end=\"589\">Puede que te pase algo de esto:<\/p><ul><li data-section-id=\"dzxubi\" data-start=\"436\" data-end=\"507\"><p data-start=\"438\" data-end=\"507\">Sabes usar herramientas, pero te cuesta traducir datos en decisiones.<\/p><\/li><li data-section-id=\"yb7wsw\" data-start=\"508\" data-end=\"591\"><p data-start=\"510\" data-end=\"591\">Resuelves ejercicios, pero no sabes si as\u00ed es como trabaja realmente un analista.<\/p><\/li><li data-section-id=\"12p6e3k\" data-start=\"592\" data-end=\"669\"><p data-start=\"594\" data-end=\"669\">No tienes claro qu\u00e9 es lo primero que har\u00eda un analista primero cuando recibe un problema.<\/p><\/li><li data-section-id=\"p008by\" data-start=\"670\" data-end=\"756\"><p data-start=\"672\" data-end=\"756\">Sabes ejecutar an\u00e1lisis, pero te cuesta justificar por qu\u00e9 tomas ciertas decisiones<\/p><\/li><\/ul><p>\u00a0<\/p><p>Si te reconoces en alguno de estos puntos, es normal.<\/p><p>Muchos cursos ense\u00f1an herramientas.<\/p><p>Pero pocos ense\u00f1an <strong data-start=\"871\" data-end=\"942\">c\u00f3mo pensar y trabajar como analista en un contexto real de negocio<\/strong>.<\/p>\t\t\t\t\t\t\t\t<\/div>\n\t\t\t\t<\/div>\n\t\t\t\t<div class=\"elementor-element elementor-element-382ee7f3 elementor-align-left elementor-widget elementor-widget-button\" data-id=\"382ee7f3\" data-element_type=\"widget\" data-widget_type=\"button.default\">\n\t\t\t\t<div class=\"elementor-widget-container\">\n\t\t\t\t\t\t\t\t\t<div class=\"elementor-button-wrapper\">\n\t\t\t\t\t<a class=\"elementor-button elementor-button-link elementor-size-sm elementor-animation-grow\" href=\"#recurso\">\n\t\t\t\t\t\t<span class=\"elementor-button-content-wrapper\">\n\t\t\t\t\t\t\t\t\t<span class=\"elementor-button-text\">ME APUNTO A LA LISTA PRIORITARIA<\/span>\n\t\t\t\t\t<\/span>\n\t\t\t\t\t<\/a>\n\t\t\t\t<\/div>\n\t\t\t\t\t\t\t\t<\/div>\n\t\t\t\t<\/div>\n\t\t\t\t<\/div>\n\t\t\t\t\t<\/div>\n\t\t\t\t<\/div>\n\t\t<div class=\"elementor-element elementor-element-659878e e-flex e-con-boxed e-con e-parent\" data-id=\"659878e\" data-element_type=\"container\" data-settings=\"{&quot;background_background&quot;:&quot;classic&quot;}\">\n\t\t\t\t\t<div class=\"e-con-inner\">\n\t\t\t\t<div class=\"elementor-element elementor-element-1c59b628 elementor-widget elementor-widget-heading\" data-id=\"1c59b628\" data-element_type=\"widget\" data-widget_type=\"heading.default\">\n\t\t\t\t<div class=\"elementor-widget-container\">\n\t\t\t\t\t<p class=\"elementor-heading-title elementor-size-default\">Un programa para aprender a aplicar el an\u00e1lisis de datos con criterio, contexto y enfoque de negocio: CASOS REALES, T\u00c9CNICAS DE AN\u00c1LISIS SEG\u00daN INDUSTRIA, kpi's y creaci\u00f3n de proyectos<\/p>\t\t\t\t<\/div>\n\t\t\t\t<\/div>\n\t\t\t\t\t<\/div>\n\t\t\t\t<\/div>\n\t\t<div class=\"elementor-element elementor-element-2f50d647 e-flex e-con-boxed e-con e-parent\" data-id=\"2f50d647\" data-element_type=\"container\" id=\"recurso\" data-settings=\"{&quot;background_background&quot;:&quot;classic&quot;}\">\n\t\t\t\t\t<div class=\"e-con-inner\">\n\t\t<div class=\"elementor-element elementor-element-7d98473d e-con-full e-flex e-con e-child\" data-id=\"7d98473d\" data-element_type=\"container\">\n\t\t\t\t<div class=\"elementor-element elementor-element-69e96cb elementor-widget elementor-widget-heading\" data-id=\"69e96cb\" data-element_type=\"widget\" data-widget_type=\"heading.default\">\n\t\t\t\t<div class=\"elementor-widget-container\">\n\t\t\t\t\t<h2 class=\"elementor-heading-title elementor-size-default\">Ap\u00fantate a la lista prioritaria y te avisaremos cuando tengamos m\u00e1s detalles.<\/h2>\t\t\t\t<\/div>\n\t\t\t\t<\/div>\n\t\t\t\t<div class=\"elementor-element elementor-element-22468efd fluentform-widget-submit-button-custom elementor-widget elementor-widget-fluent-form-widget\" data-id=\"22468efd\" data-element_type=\"widget\" data-widget_type=\"fluent-form-widget.default\">\n\t\t\t\t<div class=\"elementor-widget-container\">\n\t\t\t\t\t\n            <div class=\"fluentform-widget-wrapper hide-fluent-form-labels\">\n\n            \n            <div class='fluentform ff-default fluentform_wrapper_21 ffs_default_wrap'><form data-form_id=\"21\" id=\"fluentform_21\" class=\"frm-fluent-form fluent_form_21 ff-el-form-top ff_form_instance_21_1 ff-form-loading ff_has_v3_recptcha ffs_default\" data-form_instance=\"ff_form_instance_21_1\" method=\"POST\" data-recptcha_key=\"6LcDiW8rAAAAALLDA9kvRK5h5TARCItyb8YTSc6O\" action=\"\" ><fieldset  style=\"border: none!important;margin: 0!important;padding: 0!important;background-color: transparent!important;box-shadow: none!important;outline: none!important; min-inline-size: 100%;\">\n                    <legend class=\"ff_screen_reader_title\" style=\"display: block; margin: 0!important;padding: 0!important;height: 0!important;text-indent: -999999px;width: 0!important;overflow:hidden;\">Business Waiting List<\/legend><input type='hidden' name='__fluent_form_embded_post_id' value='6142' \/><input type=\"hidden\" id=\"_fluentform_21_fluentformnonce\" name=\"_fluentform_21_fluentformnonce\" value=\"0314e8e031\" \/><input type=\"hidden\" name=\"_wp_http_referer\" value=\"\/es\/wp-json\/wp\/v2\/pages\/6142\" \/><div data-type=\"name-element\" data-name=\"names\" class=\"ff-field_container ff-name-field-wrapper\" ><div class='ff-t-container'><div class='ff-t-cell'><div class='ff-el-group ff-el-form-top'><div class=\"ff-el-input--label ff-el-is-required asterisk-right\"><label for='ff_21_names_first_name_' id='label_ff_21_names_first_name_' >Nombre<\/label><\/div><div class='ff-el-input--content'><input type=\"text\" name=\"names[first_name]\" id=\"ff_21_names_first_name_\" class=\"ff-el-form-control\" placeholder=\"Introduce tu nombre\" aria-invalid=\"false\" aria-required=\"true\"><\/div><\/div><\/div><\/div><\/div><div class='ff-el-group'><div class=\"ff-el-input--label ff-el-is-required asterisk-right\"><label for='ff_21_email' id='label_ff_21_email' aria-label=\"Correo electr\u00f3nico\">Correo electr\u00f3nico<\/label><\/div><div class='ff-el-input--content'><input type=\"email\" name=\"email\" id=\"ff_21_email\" class=\"ff-el-form-control\" placeholder=\"Correo Electr\u00f3nico\" data-name=\"email\"  aria-invalid=\"false\" aria-required=\"true\"><\/div><\/div><div class='ff-el-group    ff-el-input--content'><div class='ff-el-form-check ff-el-tc'><label aria-label='T\u00e9rminos y condiciones: Al suscribirme, acepto recibir por email la informaci\u00f3n sobre este recurso, as\u00ed como la newsletter y otras comunicaciones de Candidata. He le\u00eddo y acepto los Terms and Conditions and Privacy Policy. Contiene 2 enlaces. Usa la navegaci\u00f3n por pesta\u00f1as para rese\u00f1ar.' class='ff-el-form-check-label ff_tc_label' for=\"terms-n-condition_960bdc74ec3ea6635f84f0981ef03905\"><span class='ff_tc_checkbox'><input type=\"checkbox\" name=\"terms-n-condition\" class=\"ff-el-form-check-input\" data-name=\"terms-n-condition\" id=\"terms-n-condition_960bdc74ec3ea6635f84f0981ef03905\"  value='on' aria-invalid='false' aria-required=\"true\"><\/span> <div class='ff_t_c'><p>Al suscribirme, acepto recibir por email la informaci\u00f3n sobre este recurso, as\u00ed como la newsletter y otras comunicaciones de Candidata. He le\u00eddo y acepto los <a href=\"#\" target=\"_blank\" rel=\"noopener\">Terms and Conditions<\/a> y las <a href=\"https:\/\/candidata.co\/es\/privacy-policy\/\" target=\"_blank\" rel=\"noopener\">Pol\u00edtica de Privacidad<\/a>.<\/p><\/div><\/label><\/div><\/div><div class='ff-el-group ff-text-left ff_submit_btn_wrapper'><button type=\"submit\" class=\"ff-btn ff-btn-submit ff-btn-md ff_btn_style\"  aria-label=\"Me Apunto a la Lista Prioritaria\">Me Apunto a la Lista Prioritaria<\/button><\/div><\/fieldset><input type=\"hidden\" name=\"trp-form-language\" value=\"es\"\/><\/form><div id='fluentform_21_errors' class='ff-errors-in-stack ff_form_instance_21_1 ff-form-loading_errors ff_form_instance_21_1_errors'><\/div><\/div>            <script type=\"text\/javascript\">\n                window.fluent_form_ff_form_instance_21_1 = {\"id\":\"21\",\"settings\":{\"layout\":{\"labelPlacement\":\"top\",\"asteriskPlacement\":\"asterisk-right\",\"helpMessagePlacement\":\"with_label\",\"errorMessagePlacement\":\"inline\",\"cssClassName\":\"\"},\"restrictions\":{\"denyEmptySubmission\":{\"enabled\":false}}},\"form_instance\":\"ff_form_instance_21_1\",\"form_id_selector\":\"fluentform_21\",\"rules\":{\"names[first_name]\":{\"required\":{\"value\":true,\"message\":\"This field is required\",\"global_message\":\"This field is required\",\"global\":true}},\"names[middle_name]\":{\"required\":{\"value\":false,\"message\":\"This field is required\",\"global_message\":\"This field is required\",\"global\":true}},\"names[last_name]\":{\"required\":{\"value\":false,\"message\":\"This field is required\",\"global_message\":\"This field is required\",\"global\":true}},\"email\":{\"required\":{\"value\":true,\"message\":\"This field is required\",\"global_message\":\"This field is required\",\"global\":true},\"email\":{\"value\":true,\"message\":\"This field must contain a valid email\",\"global_message\":\"This field must contain a valid email\",\"global\":true}},\"terms-n-condition\":{\"required\":{\"value\":true,\"message\":\"This field is required\",\"global_message\":\"This field is required\",\"global\":true}},\"g-recaptcha-response\":[]},\"debounce_time\":300};\n                            <\/script>\n                        <\/div>\n\n            \t\t\t\t<\/div>\n\t\t\t\t<\/div>\n\t\t\t\t<\/div>\n\t\t<div class=\"elementor-element elementor-element-3fb59a5f e-con-full e-flex e-con e-child\" data-id=\"3fb59a5f\" data-element_type=\"container\">\n\t\t\t\t<\/div>\n\t\t\t\t\t<\/div>\n\t\t\t\t<\/div>\n\t\t<div class=\"elementor-element elementor-element-453d6a4a e-flex e-con-boxed e-con e-parent\" data-id=\"453d6a4a\" data-element_type=\"container\" data-settings=\"{&quot;background_background&quot;:&quot;classic&quot;}\">\n\t\t\t\t\t<div class=\"e-con-inner\">\n\t\t<div class=\"elementor-element elementor-element-4fe96d76 e-con-full e-flex e-con e-child\" data-id=\"4fe96d76\" data-element_type=\"container\">\n\t\t\t\t<div class=\"elementor-element elementor-element-66eccd85 elementor-widget elementor-widget-heading\" data-id=\"66eccd85\" data-element_type=\"widget\" data-widget_type=\"heading.default\">\n\t\t\t\t<div class=\"elementor-widget-container\">\n\t\t\t\t\t<span class=\"elementor-heading-title elementor-size-default\">Qui\u00e9n soy<\/span>\t\t\t\t<\/div>\n\t\t\t\t<\/div>\n\t\t\t\t<div class=\"elementor-element elementor-element-54f0bbf8 elementor-widget elementor-widget-text-editor\" data-id=\"54f0bbf8\" data-element_type=\"widget\" data-widget_type=\"text-editor.default\">\n\t\t\t\t<div class=\"elementor-widget-container\">\n\t\t\t\t\t\t\t\t\t<p data-start=\"252\" data-end=\"432\">Soy Almu Hern\u00e1ndez.<\/p><p data-start=\"252\" data-end=\"432\">Llevo m\u00e1s de 15 a\u00f1os trabajando como analista de datos en compa\u00f1\u00edas internacionales como Nielsen y GfK, o en consultor\u00eda estrat\u00e9gica en BCG.<\/p><p data-start=\"252\" data-end=\"432\">Adem\u00e1s, en los dos \u00faltimos a\u00f1os me he dedicado a la ense\u00f1anza de an\u00e1lisis de datos en escuelas como Adalab o Ironhack.<\/p><p data-start=\"710\" data-end=\"760\">Toda esta experiencia me ha dado algo m\u00e1s que un curr\u00edculum. Me ha dado perspectiva.<\/p><p data-start=\"783\" data-end=\"948\">He visto lo que realmente buscan las empresas. Y he visto lo que sienten muchos perfiles cuando terminan una formaci\u00f3n t\u00e9cnica y no saben c\u00f3mo encajar en el mercado.\u00a0<\/p><p data-start=\"1059\" data-end=\"1239\">Por eso cre\u00e9 Candidata, un espacio donde transformar la forma en la que se preparan los analistas de datos: no solo aprendiendo herramientas, sino entrenando criterio, visi\u00f3n de negocio e identidad profesional.<\/p><p>Conmigo no vas a encontrar promesas vac\u00edas ni f\u00f3rmulas m\u00e1gicas para conseguir trabajo en una semana.<\/p><p>Aqu\u00ed hablamos de algo m\u00e1s real y transformador: <strong>aprender a pensar como un analista profesional y aplicar las t\u00e9cnicas adecuadas a problemas reales de negocio.<\/strong><\/p>\t\t\t\t\t\t\t\t<\/div>\n\t\t\t\t<\/div>\n\t\t\t\t<div class=\"elementor-element elementor-element-745f738 elementor-align-left elementor-widget elementor-widget-button\" data-id=\"745f738\" data-element_type=\"widget\" data-widget_type=\"button.default\">\n\t\t\t\t<div class=\"elementor-widget-container\">\n\t\t\t\t\t\t\t\t\t<div class=\"elementor-button-wrapper\">\n\t\t\t\t\t<a class=\"elementor-button elementor-button-link elementor-size-sm elementor-animation-grow\" href=\"#recurso\">\n\t\t\t\t\t\t<span class=\"elementor-button-content-wrapper\">\n\t\t\t\t\t\t\t\t\t<span class=\"elementor-button-text\">ME APUNTO A LA LISTA PRIORITARIA<\/span>\n\t\t\t\t\t<\/span>\n\t\t\t\t\t<\/a>\n\t\t\t\t<\/div>\n\t\t\t\t\t\t\t\t<\/div>\n\t\t\t\t<\/div>\n\t\t\t\t<\/div>\n\t\t<div class=\"elementor-element elementor-element-7ff64148 e-con-full e-flex e-con e-child\" data-id=\"7ff64148\" data-element_type=\"container\">\n\t\t\t\t<div class=\"elementor-element elementor-element-2c713893 elementor-widget elementor-widget-image\" data-id=\"2c713893\" data-element_type=\"widget\" data-widget_type=\"image.default\">\n\t\t\t\t<div class=\"elementor-widget-container\">\n\t\t\t\t\t\t\t\t\t\t\t\t\t\t\t<img decoding=\"async\" width=\"800\" height=\"534\" src=\"https:\/\/candidata.co\/wp-content\/uploads\/2025\/06\/Candidata_Almudena_JacksonMiles_23062025_23-1024x683.jpeg\" class=\"attachment-large size-large wp-image-4987\" alt=\"\" srcset=\"https:\/\/candidata.co\/wp-content\/uploads\/2025\/06\/Candidata_Almudena_JacksonMiles_23062025_23-1024x683.jpeg 1024w, https:\/\/candidata.co\/wp-content\/uploads\/2025\/06\/Candidata_Almudena_JacksonMiles_23062025_23-300x200.jpeg 300w, https:\/\/candidata.co\/wp-content\/uploads\/2025\/06\/Candidata_Almudena_JacksonMiles_23062025_23-768x512.jpeg 768w, https:\/\/candidata.co\/wp-content\/uploads\/2025\/06\/Candidata_Almudena_JacksonMiles_23062025_23-1536x1024.jpeg 1536w, https:\/\/candidata.co\/wp-content\/uploads\/2025\/06\/Candidata_Almudena_JacksonMiles_23062025_23-2048x1365.jpeg 2048w, https:\/\/candidata.co\/wp-content\/uploads\/2025\/06\/Candidata_Almudena_JacksonMiles_23062025_23-18x12.jpeg 18w\" sizes=\"(max-width: 800px) 100vw, 800px\" \/>\t\t\t\t\t\t\t\t\t\t\t\t\t\t\t<\/div>\n\t\t\t\t<\/div>\n\t\t\t\t<\/div>\n\t\t\t\t\t<\/div>\n\t\t\t\t<\/div>\n\t\t\t\t<\/div>","protected":false},"excerpt":{"rendered":"<p>info@candidata.co ACCESO A LA LISTA PRIORITARIA del programa data business De saber usar herramientas a pensar como un analista profesional. Puede que te pase algo de esto: Sabes usar herramientas, pero te cuesta traducir datos en decisiones. Resuelves ejercicios, pero no sabes si as\u00ed es como trabaja realmente un analista. No tienes claro qu\u00e9 es [&hellip;]<\/p>","protected":false},"author":2,"featured_media":0,"parent":0,"menu_order":0,"comment_status":"closed","ping_status":"closed","template":"elementor_canvas","meta":{"_monsterinsights_skip_tracking":false,"_monsterinsights_sitenote_active":false,"_monsterinsights_sitenote_note":"","_monsterinsights_sitenote_category":0,"footnotes":""},"class_list":["post-6142","page","type-page","status-publish","hentry"],"_links":{"self":[{"href":"https:\/\/candidata.co\/es\/wp-json\/wp\/v2\/pages\/6142","targetHints":{"allow":["GET"]}}],"collection":[{"href":"https:\/\/candidata.co\/es\/wp-json\/wp\/v2\/pages"}],"about":[{"href":"https:\/\/candidata.co\/es\/wp-json\/wp\/v2\/types\/page"}],"author":[{"embeddable":true,"href":"https:\/\/candidata.co\/es\/wp-json\/wp\/v2\/users\/2"}],"replies":[{"embeddable":true,"href":"https:\/\/candidata.co\/es\/wp-json\/wp\/v2\/comments?post=6142"}],"version-history":[{"count":34,"href":"https:\/\/candidata.co\/es\/wp-json\/wp\/v2\/pages\/6142\/revisions"}],"predecessor-version":[{"id":7436,"href":"https:\/\/candidata.co\/es\/wp-json\/wp\/v2\/pages\/6142\/revisions\/7436"}],"wp:attachment":[{"href":"https:\/\/candidata.co\/es\/wp-json\/wp\/v2\/media?parent=6142"}],"curies":[{"name":"wp","href":"https:\/\/api.w.org\/{rel}","templated":true}]}}