{"id":5612,"date":"2025-04-21T00:00:12","date_gmt":"2025-04-20T22:00:12","guid":{"rendered":"https:\/\/candidata.co\/?page_id=5612"},"modified":"2025-11-12T14:12:58","modified_gmt":"2025-11-12T13:12:58","slug":"candidata-newsletter","status":"publish","type":"page","link":"https:\/\/candidata.co\/es\/candidata-newsletter\/","title":{"rendered":"Candidata Newsletter"},"content":{"rendered":"<div data-elementor-type=\"wp-page\" data-elementor-id=\"5612\" class=\"elementor elementor-5612\" data-elementor-post-type=\"page\">\n\t\t\t\t<div class=\"elementor-element elementor-element-927b05b e-flex e-con-boxed e-con e-parent\" data-id=\"927b05b\" data-element_type=\"container\" data-settings=\"{&quot;background_background&quot;:&quot;classic&quot;}\">\n\t\t\t\t\t<div class=\"e-con-inner\">\n\t\t<div class=\"elementor-element elementor-element-a9cc880 e-con-full e-flex e-con e-child\" data-id=\"a9cc880\" data-element_type=\"container\">\n\t\t\t\t<div class=\"elementor-element elementor-element-5b53446 elementor-widget elementor-widget-image\" data-id=\"5b53446\" data-element_type=\"widget\" data-widget_type=\"image.default\">\n\t\t\t\t<div class=\"elementor-widget-container\">\n\t\t\t\t\t\t\t\t\t\t\t\t\t\t\t<img fetchpriority=\"high\" decoding=\"async\" width=\"788\" height=\"199\" src=\"https:\/\/candidata.co\/wp-content\/uploads\/2023\/09\/Candidata_Logo_Text_Square.png\" class=\"attachment-large size-large wp-image-4528\" alt=\"\" srcset=\"https:\/\/candidata.co\/wp-content\/uploads\/2023\/09\/Candidata_Logo_Text_Square.png 788w, https:\/\/candidata.co\/wp-content\/uploads\/2023\/09\/Candidata_Logo_Text_Square-300x76.png 300w, https:\/\/candidata.co\/wp-content\/uploads\/2023\/09\/Candidata_Logo_Text_Square-768x194.png 768w, https:\/\/candidata.co\/wp-content\/uploads\/2023\/09\/Candidata_Logo_Text_Square-18x5.png 18w\" sizes=\"(max-width: 788px) 100vw, 788px\" \/>\t\t\t\t\t\t\t\t\t\t\t\t\t\t\t<\/div>\n\t\t\t\t<\/div>\n\t\t\t\t<div class=\"elementor-element elementor-element-bcc4243 elementor-widget elementor-widget-heading\" data-id=\"bcc4243\" data-element_type=\"widget\" data-widget_type=\"heading.default\">\n\t\t\t\t<div class=\"elementor-widget-container\">\n\t\t\t\t\t<h1 class=\"elementor-heading-title elementor-size-default\">Newsletter<\/h1>\t\t\t\t<\/div>\n\t\t\t\t<\/div>\n\t\t\t\t<div class=\"elementor-element elementor-element-13018ae elementor-widget elementor-widget-text-editor\" data-id=\"13018ae\" data-element_type=\"widget\" data-widget_type=\"text-editor.default\">\n\t\t\t\t<div class=\"elementor-widget-container\">\n\t\t\t\t\t\t\t\t\t<h5><strong>M\u00e1s que datos: una visi\u00f3n integral, pr\u00e1ctica y humana del an\u00e1lisis de datos.<\/strong><\/h5><p>Aprender an\u00e1lisis de datos no es solo dominar herramientas.<\/p><p>Es pensar con l\u00f3gica, desarrollar criterio propio, tomar decisiones basadas en evidencia y comunicar con claridad.<\/p><p>Candidata Newsletter nace con esa idea: acompa\u00f1arte a<span style=\"color: #ff6f61;\"><strong> crecer<\/strong><\/span> como analista<span style=\"color: #ff6f61;\"><strong> m\u00e1s all\u00e1 de la parte t\u00e9cnica<\/strong><\/span>.<\/p><p>Est\u00e1 pensada para quienes est\u00e1n estudiando, empezando su carrera o buscando su primer puesto en datos, y <span style=\"color: #ff6f61;\"><strong>quieren destacar<\/strong><\/span> no solo por lo que saben, sino por c\u00f3mo lo aplican.<\/p>\t\t\t\t\t\t\t\t<\/div>\n\t\t\t\t<\/div>\n\t\t\t\t<div class=\"elementor-element elementor-element-582180b elementor-widget elementor-widget-n-accordion\" data-id=\"582180b\" data-element_type=\"widget\" data-settings=\"{&quot;default_state&quot;:&quot;all_collapsed&quot;,&quot;max_items_expended&quot;:&quot;one&quot;,&quot;n_accordion_animation_duration&quot;:{&quot;unit&quot;:&quot;ms&quot;,&quot;size&quot;:400,&quot;sizes&quot;:[]}}\" data-widget_type=\"nested-accordion.default\">\n\t\t\t\t<div class=\"elementor-widget-container\">\n\t\t\t\t\t\t\t<div class=\"e-n-accordion\" aria-label=\"Acorde\u00f3n. Abra los enlaces con Intro o Espacio, ci\u00e9rrelos con Escape y navegue con las teclas de flecha.\">\n\t\t\t\t\t\t<details id=\"e-n-accordion-item-9240\" class=\"e-n-accordion-item\" >\n\t\t\t\t<summary class=\"e-n-accordion-item-title\" data-accordion-index=\"1\" tabindex=\"0\" aria-expanded=\"false\" aria-controls=\"e-n-accordion-item-9240\" >\n\t\t\t\t\t<span class='e-n-accordion-item-title-header'><div class=\"e-n-accordion-item-title-text\"> \u00bfQu\u00e9 pasa si te suscribes? <\/div><\/span>\n\t\t\t\t\t\t\t<span class='e-n-accordion-item-title-icon'>\n\t\t\t<span class='e-opened' ><i aria-hidden=\"true\" class=\"fas fa-minus\"><\/i><\/span>\n\t\t\t<span class='e-closed'><i aria-hidden=\"true\" class=\"fas fa-plus\"><\/i><\/span>\n\t\t<\/span>\n\n\t\t\t\t\t\t<\/summary>\n\t\t\t\t<div role=\"region\" aria-labelledby=\"e-n-accordion-item-9240\" class=\"elementor-element elementor-element-5b1c1c6 e-con-full e-flex e-con e-child\" data-id=\"5b1c1c6\" data-element_type=\"container\">\n\t\t\t\t<div class=\"elementor-element elementor-element-445587b elementor-widget elementor-widget-text-editor\" data-id=\"445587b\" data-element_type=\"widget\" data-widget_type=\"text-editor.default\">\n\t\t\t\t<div class=\"elementor-widget-container\">\n\t\t\t\t\t\t\t\t\t<ul><li>Aprender\u00e1s a <strong>conectar<\/strong> tu <strong>an\u00e1lisis<\/strong> con decisiones de negocio y a aplicar lo que sabes en <strong>contextos reales<\/strong>.<\/li><li>Acceder\u00e1s a plantillas, gu\u00edas y consejos pr\u00e1cticos para crear un <strong>portfolio atractivo<\/strong>, construir un<strong> CV<\/strong> que <strong>genere entrevistas<\/strong> y preparar tus respuestas con seguridad.<\/li><li>Descubrir\u00e1s estrategias para <strong>comunicar tu valor<\/strong>, reducir los nervios y destacar por tu forma de pensar, no solo por tus habilidades t\u00e9cnicas.<\/li><li>Disfrutar\u00e1s <strong>reflexionando<\/strong> sobre mentalidad, comunicaci\u00f3n, organizaci\u00f3n y equilibrio personal para crecer de forma sostenible y mantener la motivaci\u00f3n.<\/li><li>Encontrar\u00e1s<strong> un camino profesional alineado con tus valores<\/strong>, tu ritmo y tu forma de vivir el trabajo.<\/li><\/ul>\t\t\t\t\t\t\t\t<\/div>\n\t\t\t\t<\/div>\n\t\t\t\t<\/div>\n\t\t\t\t\t<\/details>\n\t\t\t\t\t<\/div>\n\t\t\t\t\t\t<\/div>\n\t\t\t\t<\/div>\n\t\t\t\t<div class=\"elementor-element elementor-element-89b6a56 elementor-widget elementor-widget-text-editor\" data-id=\"89b6a56\" data-element_type=\"widget\" data-widget_type=\"text-editor.default\">\n\t\t\t\t<div class=\"elementor-widget-container\">\n\t\t\t\t\t\t\t\t\t<p>Te invito a pasar de saber a hacer y de querer a poder. Con gu\u00eda, estructura, foco, motivaci\u00f3n, y sin ruido innecesario.<\/p>\t\t\t\t\t\t\t\t<\/div>\n\t\t\t\t<\/div>\n\t\t\t\t<div class=\"elementor-element elementor-element-9045ebb elementor-widget-tablet__width-inherit elementor-button-align-stretch elementor-widget elementor-widget-global elementor-global-5832 elementor-widget-form\" data-id=\"9045ebb\" data-element_type=\"widget\" data-settings=\"{&quot;step_next_label&quot;:&quot;Siguiente \\u2794&quot;,&quot;step_previous_label&quot;:&quot; \\u2190 Anterior&quot;,&quot;button_width&quot;:&quot;100&quot;,&quot;step_type&quot;:&quot;number_text&quot;,&quot;step_icon_shape&quot;:&quot;circle&quot;}\" data-widget_type=\"form.default\">\n\t\t\t\t<div class=\"elementor-widget-container\">\n\t\t\t\t\t\t\t<form class=\"elementor-form\" method=\"post\" name=\"Candidata Newsletter\" aria-label=\"Candidata Newsletter\" action=\"\">\n\t\t\t<input type=\"hidden\" name=\"post_id\" value=\"5612\"\/>\n\t\t\t<input type=\"hidden\" name=\"form_id\" value=\"9045ebb\"\/>\n\t\t\t<input type=\"hidden\" name=\"referer_title\" value=\"\" \/>\n\n\t\t\t\n\t\t\t<div class=\"elementor-form-fields-wrapper elementor-labels-\">\n\t\t\t\t\t\t\t\t<div class=\"elementor-field-type-step elementor-field-group elementor-column elementor-field-group-field_93018c8 elementor-col-100\">\n\t\t\t\t\t\t\t<div class=\"e-field-step elementor-hidden\" data-label=\"\" data-previousbutton=\"\" data-nextbutton=\"\" data-iconurl=\"\" data-iconlibrary=\"fas fa-star\" data-icon=\"\" ><\/div>\n\n\t\t\t\t\t\t<\/div>\n\t\t\t\t\t\t\t\t<div class=\"elementor-field-type-text elementor-field-group elementor-column elementor-field-group-fname elementor-col-50 elementor-field-required\">\n\t\t\t\t\t\t\t\t\t\t\t\t<label for=\"form-field-fname\" class=\"elementor-field-label elementor-screen-only\">\n\t\t\t\t\t\t\t\tNombre\t\t\t\t\t\t\t<\/label>\n\t\t\t\t\t\t\t\t\t\t\t\t\t\t<input size=\"1\" type=\"text\" name=\"form_fields[fname]\" id=\"form-field-fname\" class=\"elementor-field elementor-size-sm  elementor-field-textual\" placeholder=\"\u00bfC\u00f3mo te llaman tus amigos?\" required=\"required\">\n\t\t\t\t\t\t\t\t\t\t\t<\/div>\n\t\t\t\t\t\t\t\t<div class=\"elementor-field-type-email elementor-field-group elementor-column elementor-field-group-email elementor-col-100 elementor-field-required\">\n\t\t\t\t\t\t\t\t\t\t\t\t<label for=\"form-field-email\" class=\"elementor-field-label elementor-screen-only\">\n\t\t\t\t\t\t\t\tCorreo electr\u00f3nico\t\t\t\t\t\t\t<\/label>\n\t\t\t\t\t\t\t\t\t\t\t\t\t\t<input size=\"1\" type=\"email\" name=\"form_fields[email]\" id=\"form-field-email\" class=\"elementor-field elementor-size-sm  elementor-field-textual\" placeholder=\"Tu email favorito\" required=\"required\">\n\t\t\t\t\t\t\t\t\t\t\t<\/div>\n\t\t\t\t\t\t\t\t<div class=\"elementor-field-type-step elementor-field-group elementor-column elementor-field-group-field_5ecff7d elementor-col-100\">\n\t\t\t\t\t\t\t<div class=\"e-field-step elementor-hidden\" data-label=\"\" data-previousbutton=\"\" data-nextbutton=\"\" data-iconurl=\"\" data-iconlibrary=\"fas fa-star\" data-icon=\"\" ><\/div>\n\n\t\t\t\t\t\t<\/div>\n\t\t\t\t\t\t\t\t<div class=\"elementor-field-type-html elementor-field-group elementor-column elementor-field-group-field_2526e9f elementor-col-100\">\n\t\t\t\t\t\u00bfEn qu\u00e9 momento de tu carrera te encuentras?\t\t\t\t<\/div>\n\t\t\t\t\t\t\t\t<div class=\"elementor-field-type-select elementor-field-group elementor-column elementor-field-group-career_stage elementor-col-100 elementor-field-required\">\n\t\t\t\t\t\t\t\t\t\t\t\t<label for=\"form-field-career_stage\" class=\"elementor-field-label elementor-screen-only\">\n\t\t\t\t\t\t\t\tEtapa de la carrera\t\t\t\t\t\t\t<\/label>\n\t\t\t\t\t\t\t\t<div class=\"elementor-field elementor-select-wrapper remove-before\">\n\t\t\t<div class=\"select-caret-down-wrapper\">\n\t\t\t\t<i aria-hidden=\"true\" class=\"eicon-caret-down\"><\/i>\t\t\t<\/div>\n\t\t\t<select name=\"form_fields[career_stage]\" id=\"form-field-career_stage\" class=\"elementor-field-textual elementor-size-sm\" required=\"required\">\n\t\t\t\t\t\t\t\t\t<option value=\"\">&lt;Selecciona una opci\u00f3n&gt; <\/option>\n\t\t\t\t\t\t\t\t\t<option value=\"Estoy estudiando para ser analista de datos.\">Estoy estudiando para ser analista de datos.<\/option>\n\t\t\t\t\t\t\t\t\t<option value=\"Acabo de empezar a buscar trabajo.\">Acabo de empezar a buscar trabajo.<\/option>\n\t\t\t\t\t\t\t\t\t<option value=\"Llevo buscando trabajo entre 3 y 6 meses.\">Llevo buscando trabajo entre 3 y 6 meses.<\/option>\n\t\t\t\t\t\t\t\t\t<option value=\"Llevo buscando trabajo m\u00e1s de 6 meses.\">Llevo buscando trabajo m\u00e1s de 6 meses.<\/option>\n\t\t\t\t\t\t\t\t\t<option value=\"Otro\">Otro<\/option>\n\t\t\t\t\t\t\t<\/select>\n\t\t<\/div>\n\t\t\t\t\t\t<\/div>\n\t\t\t\t\t\t\t\t<div class=\"elementor-field-type-text elementor-field-group elementor-column elementor-field-group-field_0b0e7c4 elementor-col-100\">\n\t\t\t\t\t\t\t\t\t\t\t\t<label for=\"form-field-field_0b0e7c4\" class=\"elementor-field-label elementor-screen-only\">\n\t\t\t\t\t\t\t\t\u00bfC\u00f3mo conociste Candidata?\t\t\t\t\t\t\t<\/label>\n\t\t\t\t\t\t\t\t\t\t\t\t\t\t<input size=\"1\" type=\"text\" name=\"form_fields[field_0b0e7c4]\" id=\"form-field-field_0b0e7c4\" class=\"elementor-field elementor-size-sm  elementor-field-textual\" placeholder=\"\u00bfC\u00f3mo nos conociste?\">\n\t\t\t\t\t\t\t\t\t\t\t<\/div>\n\t\t\t\t\t\t\t\t<div class=\"elementor-field-type-acceptance elementor-field-group elementor-column elementor-field-group-field_a61f50c elementor-col-100 elementor-field-required\">\n\t\t\t\t\t\t\t<div class=\"elementor-field-subgroup\">\n\t\t\t<span class=\"elementor-field-option\">\n\t\t\t\t<input type=\"checkbox\" name=\"form_fields[field_a61f50c]\" id=\"form-field-field_a61f50c\" class=\"elementor-field elementor-size-sm  elementor-acceptance-field\" required=\"required\" checked=\"checked\">\n\t\t\t\t<label for=\"form-field-field_a61f50c\">Acepto recibir la newsletter y otras actualizaciones relevantes de Candidata de acuerdo con su pol\u00edtica de privacidad.<\/label>\t\t\t<\/span>\n\t\t<\/div>\n\t\t\t\t\t\t<\/div>\n\t\t\t\t\t\t\t\t<div class=\"elementor-field-type-recaptcha_v3 elementor-field-group elementor-column elementor-field-group-field_d923dbb elementor-col-100 recaptcha_v3-bottomright\">\n\t\t\t\t\t<div class=\"elementor-field\" id=\"form-field-field_d923dbb\"><div class=\"elementor-g-recaptcha\" data-sitekey=\"6LcDiW8rAAAAALLDA9kvRK5h5TARCItyb8YTSc6O\" data-type=\"v3\" data-action=\"Form\" data-badge=\"bottomright\" data-size=\"invisible\"><\/div><\/div>\t\t\t\t<\/div>\n\t\t\t\t\t\t\t\t<div class=\"elementor-field-group elementor-column elementor-field-type-submit elementor-col-100 e-form__buttons\">\n\t\t\t\t\t<button class=\"elementor-button elementor-size-sm\" type=\"submit\">\n\t\t\t\t\t\t<span class=\"elementor-button-content-wrapper\">\n\t\t\t\t\t\t\t\t\t\t\t\t\t\t\t\t\t\t\t\t\t\t<span class=\"elementor-button-text\">Suscribirme<\/span>\n\t\t\t\t\t\t\t\t\t\t\t\t\t<\/span>\n\t\t\t\t\t<\/button>\n\t\t\t\t<\/div>\n\t\t\t<\/div>\n\t\t<input type=\"hidden\" name=\"trp-form-language\" value=\"es\"\/><\/form>\n\t\t\t\t\t\t<\/div>\n\t\t\t\t<\/div>\n\t\t\t\t<\/div>\n\t\t<div class=\"elementor-element elementor-element-0131fa7 e-con-full e-flex e-con e-child\" data-id=\"0131fa7\" data-element_type=\"container\" data-settings=\"{&quot;background_background&quot;:&quot;classic&quot;}\">\n\t\t\t\t<div class=\"elementor-element elementor-element-f8f7bb2 elementor-vertical-align-top elementor-widget elementor-widget-image-box\" data-id=\"f8f7bb2\" data-element_type=\"widget\" data-widget_type=\"image-box.default\">\n\t\t\t\t<div class=\"elementor-widget-container\">\n\t\t\t\t\t<div class=\"elementor-image-box-wrapper\"><div class=\"elementor-image-box-content\"><h3 class=\"elementor-image-box-title\">Sobre M\u00ed<\/h3><p class=\"elementor-image-box-description\">Soy Almu, analista de datos con m\u00e1s de 15 a\u00f1os de experiencia en grandes empresas, instructora en bootcamps y creadora de contenido educativo.\n<br><br>\nTambi\u00e9n soy una apasionada del desarrollo personal y una firme defensora de la reinvenci\u00f3n profesional. Creo que todos merecemos encontrar un trabajo que encaje con nuestra vida \u2014y no al rev\u00e9s\u2014, porque vida solo hay una.\n<br><br>\nMi objetivo es que Candidata Newsletter te inspire, te ayude a pensar con claridad y te recuerde que crecer profesionalmente tambi\u00e9n puede hacerse con equilibrio.\n<br><br>\n\u00bfMe acompa\u00f1as?<\/p><\/div><\/div>\t\t\t\t<\/div>\n\t\t\t\t<\/div>\n\t\t\t\t<div class=\"elementor-element elementor-element-22d7464 elementor-widget elementor-widget-image\" data-id=\"22d7464\" data-element_type=\"widget\" data-widget_type=\"image.default\">\n\t\t\t\t<div class=\"elementor-widget-container\">\n\t\t\t\t\t\t\t\t\t\t\t\t\t\t\t<img decoding=\"async\" width=\"2560\" height=\"1707\" src=\"https:\/\/candidata.co\/wp-content\/uploads\/2025\/06\/Candidata_Almudena_JacksonMiles_23062025_23-scaled.jpeg\" class=\"attachment-full size-full wp-image-4987\" alt=\"\" srcset=\"https:\/\/candidata.co\/wp-content\/uploads\/2025\/06\/Candidata_Almudena_JacksonMiles_23062025_23-scaled.jpeg 2560w, https:\/\/candidata.co\/wp-content\/uploads\/2025\/06\/Candidata_Almudena_JacksonMiles_23062025_23-300x200.jpeg 300w, https:\/\/candidata.co\/wp-content\/uploads\/2025\/06\/Candidata_Almudena_JacksonMiles_23062025_23-1024x683.jpeg 1024w, https:\/\/candidata.co\/wp-content\/uploads\/2025\/06\/Candidata_Almudena_JacksonMiles_23062025_23-768x512.jpeg 768w, https:\/\/candidata.co\/wp-content\/uploads\/2025\/06\/Candidata_Almudena_JacksonMiles_23062025_23-1536x1024.jpeg 1536w, https:\/\/candidata.co\/wp-content\/uploads\/2025\/06\/Candidata_Almudena_JacksonMiles_23062025_23-2048x1365.jpeg 2048w, https:\/\/candidata.co\/wp-content\/uploads\/2025\/06\/Candidata_Almudena_JacksonMiles_23062025_23-18x12.jpeg 18w\" sizes=\"(max-width: 2560px) 100vw, 2560px\" \/>\t\t\t\t\t\t\t\t\t\t\t\t\t\t\t<\/div>\n\t\t\t\t<\/div>\n\t\t\t\t<\/div>\n\t\t\t\t\t<\/div>\n\t\t\t\t<\/div>\n\t\t\t\t<\/div>","protected":false},"excerpt":{"rendered":"<p>Newsletter More than just data: a comprehensive, practical and human approach to data analysis. Learning data analysis is not just about mastering tools. It&#8217;s about thinking logically, developing your own criteria, making evidence-based decisions and communicating clearly. Candidata Newsletter was created with this idea in mind: to help you grow as an analyst, beyond the [&hellip;]<\/p>","protected":false},"author":1,"featured_media":0,"parent":0,"menu_order":0,"comment_status":"closed","ping_status":"closed","template":"elementor_canvas","meta":{"_monsterinsights_skip_tracking":false,"_monsterinsights_sitenote_active":false,"_monsterinsights_sitenote_note":"","_monsterinsights_sitenote_category":0,"footnotes":""},"class_list":["post-5612","page","type-page","status-publish","hentry"],"_links":{"self":[{"href":"https:\/\/candidata.co\/es\/wp-json\/wp\/v2\/pages\/5612","targetHints":{"allow":["GET"]}}],"collection":[{"href":"https:\/\/candidata.co\/es\/wp-json\/wp\/v2\/pages"}],"about":[{"href":"https:\/\/candidata.co\/es\/wp-json\/wp\/v2\/types\/page"}],"author":[{"embeddable":true,"href":"https:\/\/candidata.co\/es\/wp-json\/wp\/v2\/users\/1"}],"replies":[{"embeddable":true,"href":"https:\/\/candidata.co\/es\/wp-json\/wp\/v2\/comments?post=5612"}],"version-history":[{"count":37,"href":"https:\/\/candidata.co\/es\/wp-json\/wp\/v2\/pages\/5612\/revisions"}],"predecessor-version":[{"id":5839,"href":"https:\/\/candidata.co\/es\/wp-json\/wp\/v2\/pages\/5612\/revisions\/5839"}],"wp:attachment":[{"href":"https:\/\/candidata.co\/es\/wp-json\/wp\/v2\/media?parent=5612"}],"curies":[{"name":"wp","href":"https:\/\/api.w.org\/{rel}","templated":true}]}}