{"id":4731,"date":"2025-06-04T10:53:03","date_gmt":"2025-06-04T08:53:03","guid":{"rendered":"https:\/\/candidata.co\/?page_id=4731"},"modified":"2025-06-28T14:12:06","modified_gmt":"2025-06-28T12:12:06","slug":"candidata-match","status":"publish","type":"page","link":"https:\/\/candidata.co\/es\/candidata-match\/","title":{"rendered":"Candidata Match"},"content":{"rendered":"<div data-elementor-type=\"wp-page\" data-elementor-id=\"4731\" class=\"elementor elementor-4731\" data-elementor-post-type=\"page\">\n\t\t\t\t<div class=\"elementor-element elementor-element-679d0cd e-flex e-con-boxed e-con e-parent\" data-id=\"679d0cd\" data-element_type=\"container\" data-settings=\"{&quot;background_background&quot;:&quot;classic&quot;}\">\n\t\t\t\t\t<div class=\"e-con-inner\">\n\t\t<div class=\"elementor-element elementor-element-6302dca e-con-full e-flex e-con e-child\" data-id=\"6302dca\" data-element_type=\"container\">\n\t\t\t\t<div class=\"elementor-element elementor-element-24238e4 elementor-widget elementor-widget-heading\" data-id=\"24238e4\" data-element_type=\"widget\" data-widget_type=\"heading.default\">\n\t\t\t\t<div class=\"elementor-widget-container\">\n\t\t\t\t\t<h1 class=\"elementor-heading-title elementor-size-default\">Candidata MATCH<\/h1>\t\t\t\t<\/div>\n\t\t\t\t<\/div>\n\t\t\t\t<div class=\"elementor-element elementor-element-62c8be4 elementor-widget elementor-widget-heading\" data-id=\"62c8be4\" data-element_type=\"widget\" data-widget_type=\"heading.default\">\n\t\t\t\t<div class=\"elementor-widget-container\">\n\t\t\t\t\t<span class=\"elementor-heading-title elementor-size-default\">El servicio de Candidata Match ayuda a las empresas a descubrir talentos emergentes en datos que est\u00e1n listos para contribuir desde el primer d\u00eda, con las habilidades, la mentalidad y la experiencia pr\u00e1ctica para satisfacer sus necesidades reales.<\/span>\t\t\t\t<\/div>\n\t\t\t\t<\/div>\n\t\t\t\t<div class=\"elementor-element elementor-element-dc9ddac elementor-align-justify elementor-widget elementor-widget-button\" data-id=\"dc9ddac\" data-element_type=\"widget\" data-widget_type=\"button.default\">\n\t\t\t\t<div class=\"elementor-widget-container\">\n\t\t\t\t\t\t\t\t\t<div class=\"elementor-button-wrapper\">\n\t\t\t\t\t<a class=\"elementor-button elementor-button-link elementor-size-sm\" href=\"#more\">\n\t\t\t\t\t\t<span class=\"elementor-button-content-wrapper\">\n\t\t\t\t\t\t\t\t\t<span class=\"elementor-button-text\">M\u00e1s informaci\u00f3n<\/span>\n\t\t\t\t\t<\/span>\n\t\t\t\t\t<\/a>\n\t\t\t\t<\/div>\n\t\t\t\t\t\t\t\t<\/div>\n\t\t\t\t<\/div>\n\t\t\t\t<\/div>\n\t\t<div class=\"elementor-element elementor-element-9ad8fd6 e-con-full e-flex e-con e-child\" data-id=\"9ad8fd6\" data-element_type=\"container\" data-settings=\"{&quot;background_background&quot;:&quot;classic&quot;}\">\n\t\t\t\t<div class=\"elementor-element elementor-element-8bf5deb elementor-widget elementor-widget-image\" data-id=\"8bf5deb\" data-element_type=\"widget\" data-widget_type=\"image.default\">\n\t\t\t\t<div class=\"elementor-widget-container\">\n\t\t\t\t\t\t\t\t\t\t\t\t\t\t\t<img fetchpriority=\"high\" decoding=\"async\" width=\"800\" height=\"800\" src=\"https:\/\/candidata.co\/wp-content\/uploads\/2025\/06\/Candidata_Match_Square.png\" class=\"attachment-large size-large wp-image-4780\" alt=\"\" srcset=\"https:\/\/candidata.co\/wp-content\/uploads\/2025\/06\/Candidata_Match_Square.png 1000w, https:\/\/candidata.co\/wp-content\/uploads\/2025\/06\/Candidata_Match_Square-300x300.png 300w, https:\/\/candidata.co\/wp-content\/uploads\/2025\/06\/Candidata_Match_Square-150x150.png 150w, https:\/\/candidata.co\/wp-content\/uploads\/2025\/06\/Candidata_Match_Square-768x768.png 768w, https:\/\/candidata.co\/wp-content\/uploads\/2025\/06\/Candidata_Match_Square-12x12.png 12w\" sizes=\"(max-width: 800px) 100vw, 800px\" \/>\t\t\t\t\t\t\t\t\t\t\t\t\t\t\t<\/div>\n\t\t\t\t<\/div>\n\t\t\t\t<\/div>\n\t\t\t\t\t<\/div>\n\t\t\t\t<\/div>\n\t\t<div class=\"elementor-element elementor-element-79216a2 e-flex e-con-boxed e-con e-parent\" data-id=\"79216a2\" data-element_type=\"container\" id=\"more\" data-settings=\"{&quot;background_background&quot;:&quot;classic&quot;}\">\n\t\t\t\t\t<div class=\"e-con-inner\">\n\t\t<div class=\"elementor-element elementor-element-a7d7aa2 e-con-full e-flex e-con e-child\" data-id=\"a7d7aa2\" data-element_type=\"container\">\n\t\t\t\t<div class=\"elementor-element elementor-element-7931d14 elementor-widget elementor-widget-heading\" data-id=\"7931d14\" data-element_type=\"widget\" data-widget_type=\"heading.default\">\n\t\t\t\t<div class=\"elementor-widget-container\">\n\t\t\t\t\t<span class=\"elementor-heading-title elementor-size-default\">\u00bfQu\u00e9 es Candidata MATCH?<\/span>\t\t\t\t<\/div>\n\t\t\t\t<\/div>\n\t\t\t\t<div class=\"elementor-element elementor-element-59664f0 elementor-widget elementor-widget-text-editor\" data-id=\"59664f0\" data-element_type=\"widget\" data-widget_type=\"text-editor.default\">\n\t\t\t\t<div class=\"elementor-widget-container\">\n\t\t\t\t\t\t\t\t\t<p>La contrataci\u00f3n de nuevos talentos suele ser una apuesta arriesgada: los curr\u00edculos no suele reflejar la preparaci\u00f3n profesional y los programas tradicionales no preparan a los analistas para los retos reales de un entorno empresarial.<\/p><p><strong>Candidata MATCH cambia esta situaci\u00f3n.<\/strong><\/p><p>Formamos y evaluamos aspirantes a analistas de datos mediante un aprendizaje aplicado y basado en proyectos. A continuaci\u00f3n, los ponemos en contacto con empresas que necesitan perfiles orientados a resultados: personas que no s\u00f3lo est\u00e9n formadas, sino realmente preparadas para el entorno laboral.<\/p><p><strong>No se trata de una plataforma de contrataci\u00f3n m\u00e1s.<\/strong><\/p><p>Es un espacio donde las empresas encuentran talento cualificado, preparado para aportar valor desde el primer d\u00eda. Los potenciales nuevos empleados estar\u00e1n preparados para un puesto que se ajuste a las necesidades de la empresa y a la vez se alinee con los objetivos profesionales del propio candidato o candidata.<\/p><p>Nos aseguramos de que exista un alineamiento real entre los valores y expectativas de ambas partes.<\/p><p><strong>El resultado: menos inversi\u00f3n en formaci\u00f3n y mayor retenci\u00f3n a largo plazo.<\/strong><!-- notionvc: 704f1bb0-6246-455d-8a67-6203edfd3d8e --><\/p><p><!-- notionvc: 7271879d-8c56-4f75-8584-30585db8cfd1 --><\/p><p><!-- notionvc: ce7fb58c-55cd-4867-baa9-2ca9668c47f4 --><\/p><p><!-- notionvc: 70851242-1af2-4ce4-ab4c-7e172a120b38 --><\/p>\t\t\t\t\t\t\t\t<\/div>\n\t\t\t\t<\/div>\n\t\t\t\t<\/div>\n\t\t<div class=\"elementor-element elementor-element-f365f90 e-con-full e-flex e-con e-child\" data-id=\"f365f90\" data-element_type=\"container\" data-settings=\"{&quot;background_background&quot;:&quot;classic&quot;}\">\n\t\t\t\t<div class=\"elementor-element elementor-element-67fbf53 elementor-widget elementor-widget-image\" data-id=\"67fbf53\" data-element_type=\"widget\" data-widget_type=\"image.default\">\n\t\t\t\t<div class=\"elementor-widget-container\">\n\t\t\t\t\t\t\t\t\t\t\t\t\t\t\t<img decoding=\"async\" width=\"800\" height=\"534\" src=\"https:\/\/candidata.co\/wp-content\/uploads\/2025\/06\/woman-4702060_1280-1-1024x683.jpg\" class=\"attachment-large size-large wp-image-4711\" alt=\"\" srcset=\"https:\/\/candidata.co\/wp-content\/uploads\/2025\/06\/woman-4702060_1280-1-1024x683.jpg 1024w, https:\/\/candidata.co\/wp-content\/uploads\/2025\/06\/woman-4702060_1280-1-300x200.jpg 300w, https:\/\/candidata.co\/wp-content\/uploads\/2025\/06\/woman-4702060_1280-1-768x512.jpg 768w, https:\/\/candidata.co\/wp-content\/uploads\/2025\/06\/woman-4702060_1280-1-18x12.jpg 18w, https:\/\/candidata.co\/wp-content\/uploads\/2025\/06\/woman-4702060_1280-1.jpg 1280w\" sizes=\"(max-width: 800px) 100vw, 800px\" \/>\t\t\t\t\t\t\t\t\t\t\t\t\t\t\t<\/div>\n\t\t\t\t<\/div>\n\t\t\t\t<\/div>\n\t\t\t\t\t<\/div>\n\t\t\t\t<\/div>\n\t\t<div class=\"elementor-element elementor-element-26c1d2f e-grid e-con-boxed e-con e-parent\" data-id=\"26c1d2f\" data-element_type=\"container\" data-settings=\"{&quot;background_background&quot;:&quot;classic&quot;}\">\n\t\t\t\t\t<div class=\"e-con-inner\">\n\t\t\t\t<div class=\"elementor-element elementor-element-6e92494 elementor-widget elementor-widget-icon-box\" data-id=\"6e92494\" data-element_type=\"widget\" data-widget_type=\"icon-box.default\">\n\t\t\t\t<div class=\"elementor-widget-container\">\n\t\t\t\t\t\t\t<div class=\"elementor-icon-box-wrapper\">\n\n\t\t\t\n\t\t\t\t\t\t<div class=\"elementor-icon-box-content\">\n\n\t\t\t\t\t\t\t\t\t<h3 class=\"elementor-icon-box-title\">\n\t\t\t\t\t\t<span  >\n\t\t\t\t\t\t\tPreparaci\u00f3n para el Mundo Real\t\t\t\t\t\t<\/span>\n\t\t\t\t\t<\/h3>\n\t\t\t\t\n\t\t\t\t\t\t\t\t\t<p class=\"elementor-icon-box-description\">\n\t\t\t\t\t\tLos candidatos y candidatas no s\u00f3lo conocen las herramientas a trav\u00e9s de la teor\u00eda: las han aplicado para resolver problemas reales de negocio.\t\t\t\t\t<\/p>\n\t\t\t\t\n\t\t\t<\/div>\n\t\t\t\n\t\t<\/div>\n\t\t\t\t\t\t<\/div>\n\t\t\t\t<\/div>\n\t\t\t\t<div class=\"elementor-element elementor-element-5283523 elementor-widget elementor-widget-icon-box\" data-id=\"5283523\" data-element_type=\"widget\" data-widget_type=\"icon-box.default\">\n\t\t\t\t<div class=\"elementor-widget-container\">\n\t\t\t\t\t\t\t<div class=\"elementor-icon-box-wrapper\">\n\n\t\t\t\n\t\t\t\t\t\t<div class=\"elementor-icon-box-content\">\n\n\t\t\t\t\t\t\t\t\t<h3 class=\"elementor-icon-box-title\">\n\t\t\t\t\t\t<span  >\n\t\t\t\t\t\t\tHabilidades + Alineaci\u00f3n\t\t\t\t\t\t<\/span>\n\t\t\t\t\t<\/h3>\n\t\t\t\t\n\t\t\t\t\t\t\t\t\t<p class=\"elementor-icon-box-description\">\n\t\t\t\t\t\tNo s\u00f3lo nos centramos en las habilidades t\u00e9cnicas, sino tambi\u00e9n en el tipo de trabajo que los aspirantes quieren hacer, asegurando contrataciones m\u00e1s sostenibles a largo plazo.\t\t\t\t\t<\/p>\n\t\t\t\t\n\t\t\t<\/div>\n\t\t\t\n\t\t<\/div>\n\t\t\t\t\t\t<\/div>\n\t\t\t\t<\/div>\n\t\t\t\t<div class=\"elementor-element elementor-element-871fd97 elementor-widget elementor-widget-icon-box\" data-id=\"871fd97\" data-element_type=\"widget\" data-widget_type=\"icon-box.default\">\n\t\t\t\t<div class=\"elementor-widget-container\">\n\t\t\t\t\t\t\t<div class=\"elementor-icon-box-wrapper\">\n\n\t\t\t\n\t\t\t\t\t\t<div class=\"elementor-icon-box-content\">\n\n\t\t\t\t\t\t\t\t\t<h3 class=\"elementor-icon-box-title\">\n\t\t\t\t\t\t<span  >\n\t\t\t\t\t\t\tHabilidades Sociales Incluidas\t\t\t\t\t\t<\/span>\n\t\t\t\t\t<\/h3>\n\t\t\t\t\n\t\t\t\t\t\t\t\t\t<p class=\"elementor-icon-box-description\">\n\t\t\t\t\t\tNuestra formaci\u00f3n incluye comunicaci\u00f3n, presentaci\u00f3n y pensamiento anal\u00edtico, entre otras habilidades para asegurar que  los candidatos y candidatas saben desenvolverse en las diferentes situaciones que se pueden presentar en una empresa.\t\t\t\t\t<\/p>\n\t\t\t\t\n\t\t\t<\/div>\n\t\t\t\n\t\t<\/div>\n\t\t\t\t\t\t<\/div>\n\t\t\t\t<\/div>\n\t\t\t\t<div class=\"elementor-element elementor-element-c2f9002 elementor-widget elementor-widget-icon-box\" data-id=\"c2f9002\" data-element_type=\"widget\" data-widget_type=\"icon-box.default\">\n\t\t\t\t<div class=\"elementor-widget-container\">\n\t\t\t\t\t\t\t<div class=\"elementor-icon-box-wrapper\">\n\n\t\t\t\n\t\t\t\t\t\t<div class=\"elementor-icon-box-content\">\n\n\t\t\t\t\t\t\t\t\t<h3 class=\"elementor-icon-box-title\">\n\t\t\t\t\t\t<span  >\n\t\t\t\t\t\t\tCriterior Objetivos\t\t\t\t\t\t<\/span>\n\t\t\t\t\t<\/h3>\n\t\t\t\t\n\t\t\t\t\t\t\t\t\t<p class=\"elementor-icon-box-description\">\n\t\t\t\t\t\tCada analista aporta un portfolio de proyectos estructurados y pr\u00e1cticos para que puedas ver exactamente c\u00f3mo trabajan antes de comprometerte a la contrataci\u00f3n.\t\t\t\t\t<\/p>\n\t\t\t\t\n\t\t\t<\/div>\n\t\t\t\n\t\t<\/div>\n\t\t\t\t\t\t<\/div>\n\t\t\t\t<\/div>\n\t\t\t\t\t<\/div>\n\t\t\t\t<\/div>\n\t\t<div class=\"elementor-element elementor-element-2f88159 e-flex e-con-boxed e-con e-parent\" data-id=\"2f88159\" data-element_type=\"container\" data-settings=\"{&quot;background_background&quot;:&quot;classic&quot;}\">\n\t\t\t\t\t<div class=\"e-con-inner\">\n\t\t\t\t<div class=\"elementor-element elementor-element-1422823 elementor-widget elementor-widget-heading\" data-id=\"1422823\" data-element_type=\"widget\" data-widget_type=\"heading.default\">\n\t\t\t\t<div class=\"elementor-widget-container\">\n\t\t\t\t\t<span class=\"elementor-heading-title elementor-size-default\">\u00bfA Qui\u00e9n va Dirigido?<\/span>\t\t\t\t<\/div>\n\t\t\t\t<\/div>\n\t\t\t\t<div class=\"elementor-element elementor-element-cd5d31e elementor-hidden-desktop elementor-hidden-laptop elementor-hidden-tablet elementor-hidden-mobile elementor-widget elementor-widget-text-editor\" data-id=\"cd5d31e\" data-element_type=\"widget\" data-widget_type=\"text-editor.default\">\n\t\t\t\t<div class=\"elementor-widget-container\">\n\t\t\t\t\t\t\t\t\t<p>Ayudamos a nuestros estudiantes a aplicar el an\u00e1lisis de datos en escenarios del mundo real, a construir un portfolio s\u00f3lido y a desarrollar una estrategia de b\u00fasqueda de empleo para diferenciarse y conseguir un trabajo como analista.<\/p><p>En <strong>Candidata<\/strong>, nuestro objetivo es simple: ayudarte a encontrar un trabajo que se adapte a ti, y no al rev\u00e9s.<\/p><p><!-- notionvc: bc198f46-d752-4c9a-9961-1d60eff3f9eb --><\/p><p>Nos centramos en dos fases clave:<\/p>\t\t\t\t\t\t\t\t<\/div>\n\t\t\t\t<\/div>\n\t\t\t\t\t<\/div>\n\t\t\t\t<\/div>\n\t\t<div class=\"elementor-element elementor-element-ba89128 e-flex e-con-boxed e-con e-parent\" data-id=\"ba89128\" data-element_type=\"container\" data-settings=\"{&quot;background_background&quot;:&quot;classic&quot;}\">\n\t\t\t\t\t<div class=\"e-con-inner\">\n\t\t<div class=\"elementor-element elementor-element-5050bbb e-con-full e-flex e-con e-child\" data-id=\"5050bbb\" data-element_type=\"container\">\n\t\t\t\t<div class=\"elementor-element elementor-element-e4926a1 elementor-widget elementor-widget-heading\" data-id=\"e4926a1\" data-element_type=\"widget\" data-widget_type=\"heading.default\">\n\t\t\t\t<div class=\"elementor-widget-container\">\n\t\t\t\t\t<h3 class=\"elementor-heading-title elementor-size-default\"><strong>Los Buscadores de Talento<\/strong><\/h3>\t\t\t\t<\/div>\n\t\t\t\t<\/div>\n\t\t\t\t<div class=\"elementor-element elementor-element-2b5e673 elementor-widget elementor-widget-text-editor\" data-id=\"2b5e673\" data-element_type=\"widget\" data-widget_type=\"text-editor.default\">\n\t\t\t\t<div class=\"elementor-widget-container\">\n\t\t\t\t\t\t\t\t\t<p>Las empresas tienen puestos vacantes, pero los perfiles que reciben los responsables de contrataci\u00f3n muchas veces no se ajustan a sus expectativas. Buscan analistas con visi\u00f3n de negocio, habilidades de comunicaci\u00f3n y capacidad de toma de decisiones, no s\u00f3lo conocimientos t\u00e9cnicos.<\/p><p><!-- notionvc: e7c95f14-a27c-45d2-9594-13a55e5d32cb --><\/p>\t\t\t\t\t\t\t\t<\/div>\n\t\t\t\t<\/div>\n\t\t\t\t<\/div>\n\t\t<div class=\"elementor-element elementor-element-7a214f6 e-con-full e-flex e-con e-child\" data-id=\"7a214f6\" data-element_type=\"container\">\n\t\t\t\t<div class=\"elementor-element elementor-element-d501dd0 elementor-widget elementor-widget-heading\" data-id=\"d501dd0\" data-element_type=\"widget\" data-widget_type=\"heading.default\">\n\t\t\t\t<div class=\"elementor-widget-container\">\n\t\t\t\t\t<h3 class=\"elementor-heading-title elementor-size-default\"><strong>Los Conectores Culturales<\/strong><\/h3>\t\t\t\t<\/div>\n\t\t\t\t<\/div>\n\t\t\t\t<div class=\"elementor-element elementor-element-70c137b elementor-widget elementor-widget-text-editor\" data-id=\"70c137b\" data-element_type=\"widget\" data-widget_type=\"text-editor.default\">\n\t\t\t\t<div class=\"elementor-widget-container\">\n\t\t\t\t\t\t\t\t\t<p>Estas empresas no quieren curr\u00edculos perfectos. Quieren personas que \u00abentiendan\u00bb su forma de trabajar, que aprendan r\u00e1pido, que piensen de forma adaptable y que sean profesionales que encajen con su cultura y su ritmo.<\/p><p style=\"text-align: left;\"><!-- notionvc: 4adbddd5-5093-41e6-976d-688a3e667ca5 --><\/p>\t\t\t\t\t\t\t\t<\/div>\n\t\t\t\t<\/div>\n\t\t\t\t<\/div>\n\t\t\t\t\t<\/div>\n\t\t\t\t<\/div>\n\t\t<div class=\"elementor-element elementor-element-e097ac4 e-flex e-con-boxed e-con e-parent\" data-id=\"e097ac4\" data-element_type=\"container\" data-settings=\"{&quot;background_background&quot;:&quot;classic&quot;}\">\n\t\t\t\t\t<div class=\"e-con-inner\">\n\t\t\t\t<div class=\"elementor-element elementor-element-37e3ffe elementor-widget elementor-widget-heading\" data-id=\"37e3ffe\" data-element_type=\"widget\" data-widget_type=\"heading.default\">\n\t\t\t\t<div class=\"elementor-widget-container\">\n\t\t\t\t\t<span class=\"elementor-heading-title elementor-size-default\">\"Estamos en las primeras fases de este programa, as\u00ed que cuando lo pongamos en marcha, tendr\u00e1s la oportunidad de descubrir una forma de bajo riesgo y alto valor de encontrar candidatos que ya han hecho el tipo de trabajo que buscas.\"<\/span>\t\t\t\t<\/div>\n\t\t\t\t<\/div>\n\t\t\t\t\t<\/div>\n\t\t\t\t<\/div>\n\t\t<div class=\"elementor-element elementor-element-74624d7 e-con-full e-flex e-con e-parent\" data-id=\"74624d7\" data-element_type=\"container\">\n\t\t<div class=\"elementor-element elementor-element-74d1d96 e-con-full e-flex e-con e-child\" data-id=\"74d1d96\" data-element_type=\"container\" data-settings=\"{&quot;background_background&quot;:&quot;classic&quot;}\">\n\t\t\t\t<div class=\"elementor-element elementor-element-74f94a5 elementor-widget elementor-widget-heading\" data-id=\"74f94a5\" data-element_type=\"widget\" data-widget_type=\"heading.default\">\n\t\t\t\t<div class=\"elementor-widget-container\">\n\t\t\t\t\t<h2 class=\"elementor-heading-title elementor-size-default\">\u00bfList@ para Conocer a tu Pr\u00f3xim@ Analista?<\/h2>\t\t\t\t<\/div>\n\t\t\t\t<\/div>\n\t\t\t\t<div class=\"elementor-element elementor-element-df87558 elementor-widget elementor-widget-heading\" data-id=\"df87558\" data-element_type=\"widget\" data-widget_type=\"heading.default\">\n\t\t\t\t<div class=\"elementor-widget-container\">\n\t\t\t\t\t<span class=\"elementor-heading-title elementor-size-default\">Estamos en las primeras fases de este programa, as\u00ed que cuando lo pongamos en marcha, tendr\u00e1s la oportunidad de descubrir una forma de bajo riesgo y alto valor de encontrar candidatos que ya han realizado el tipo de trabajo para el que los necesita.\n<br><br>\nSi quieres estar al d\u00eda de la evoluci\u00f3n del programa y que te tengamos en cuenta para un acceso anticipado, cu\u00e9ntanos m\u00e1s sobre tu empresa y tus objetivos de contrataci\u00f3n.\n<br><br>\n<strong>Hagamos que la contrataci\u00f3n sea m\u00e1s f\u00e1cil e inteligente para todos los implicados.<\/strong><\/span>\t\t\t\t<\/div>\n\t\t\t\t<\/div>\n\t\t\t\t<\/div>\n\t\t<div class=\"elementor-element elementor-element-c48882e e-con-full e-flex e-con e-child\" data-id=\"c48882e\" data-element_type=\"container\" data-settings=\"{&quot;background_background&quot;:&quot;classic&quot;}\">\n\t\t\t\t<div class=\"elementor-element elementor-element-90c3f11 elementor-cta--layout-image-right elementor-cta--mobile-layout-image-above elementor-cta--skin-classic elementor-animated-content elementor-widget elementor-widget-call-to-action\" data-id=\"90c3f11\" data-element_type=\"widget\" data-widget_type=\"call-to-action.default\">\n\t\t\t\t<div class=\"elementor-widget-container\">\n\t\t\t\t\t\t\t<div class=\"elementor-cta\">\n\t\t\t\t\t<div class=\"elementor-cta__bg-wrapper\">\n\t\t\t\t<div class=\"elementor-cta__bg elementor-bg\" style=\"background-image: url(https:\/\/candidata.co\/wp-content\/uploads\/2024\/12\/office-620822_1280-1024x680.jpg);\" role=\"img\" aria-label=\"office-620822_1280\"><\/div>\n\t\t\t\t<div class=\"elementor-cta__bg-overlay\"><\/div>\n\t\t\t<\/div>\n\t\t\t\t\t\t\t<div class=\"elementor-cta__content\">\n\t\t\t\t\n\t\t\t\t\t\t\t\t\t<h3 class=\"elementor-cta__title elementor-cta__content-item elementor-content-item\">\n\t\t\t\t\t\tPonte en Contacto\t\t\t\t\t<\/h3>\n\t\t\t\t\n\t\t\t\t\t\t\t\t\t<div class=\"elementor-cta__description elementor-cta__content-item elementor-content-item\">\n\t\t\t\t\t\tPonte en contacto con nosotros para saber c\u00f3mo Candidata MATCH puede ayudarte en tus necesidades de contrataci\u00f3n.\t\t\t\t\t<\/div>\n\t\t\t\t\n\t\t\t\t\t\t\t\t\t<div class=\"elementor-cta__button-wrapper elementor-cta__content-item elementor-content-item\">\n\t\t\t\t\t<a class=\"elementor-cta__button elementor-button elementor-size-\" href=\"#elementor-action%3Aaction%3Dpopup%3Aopen%26settings%3DeyJpZCI6IjQ3NDEiLCJ0b2dnbGUiOmZhbHNlfQ%3D%3D\">\n\t\t\t\t\t\tCont\u00e1ctanos\t\t\t\t\t<\/a>\n\t\t\t\t\t<\/div>\n\t\t\t\t\t\t\t<\/div>\n\t\t\t\t\t\t<\/div>\n\t\t\t\t\t\t<\/div>\n\t\t\t\t<\/div>\n\t\t\t\t<\/div>\n\t\t\t\t<\/div>\n\t\t\t\t<\/div>","protected":false},"excerpt":{"rendered":"<p>Candidata MATCH Candidata\u2019s data match service helps companies discover emerging data talent who are ready to contribute from day one, with the skills, mindset, and practical experience to match their real needs. Find Out More What Is Candidata MATCH? Hiring new talent is often a gamble \u2014 CVs don\u2019t show readiness, and traditional programmes don\u2019t [&hellip;]<\/p>","protected":false},"author":1,"featured_media":0,"parent":0,"menu_order":0,"comment_status":"closed","ping_status":"closed","template":"","meta":{"_monsterinsights_skip_tracking":false,"_monsterinsights_sitenote_active":false,"_monsterinsights_sitenote_note":"","_monsterinsights_sitenote_category":0,"footnotes":""},"class_list":["post-4731","page","type-page","status-publish","hentry"],"_links":{"self":[{"href":"https:\/\/candidata.co\/es\/wp-json\/wp\/v2\/pages\/4731","targetHints":{"allow":["GET"]}}],"collection":[{"href":"https:\/\/candidata.co\/es\/wp-json\/wp\/v2\/pages"}],"about":[{"href":"https:\/\/candidata.co\/es\/wp-json\/wp\/v2\/types\/page"}],"author":[{"embeddable":true,"href":"https:\/\/candidata.co\/es\/wp-json\/wp\/v2\/users\/1"}],"replies":[{"embeddable":true,"href":"https:\/\/candidata.co\/es\/wp-json\/wp\/v2\/comments?post=4731"}],"version-history":[{"count":52,"href":"https:\/\/candidata.co\/es\/wp-json\/wp\/v2\/pages\/4731\/revisions"}],"predecessor-version":[{"id":5185,"href":"https:\/\/candidata.co\/es\/wp-json\/wp\/v2\/pages\/4731\/revisions\/5185"}],"wp:attachment":[{"href":"https:\/\/candidata.co\/es\/wp-json\/wp\/v2\/media?parent=4731"}],"curies":[{"name":"wp","href":"https:\/\/api.w.org\/{rel}","templated":true}]}}